{"id":6283,"date":"2020-08-07T09:32:26","date_gmt":"2020-08-07T07:32:26","guid":{"rendered":"http:\/\/ftcc.novatis.org\/charte\/"},"modified":"2025-09-10T00:23:16","modified_gmt":"2025-09-09T22:23:16","slug":"%d8%a7%d9%84%d9%85%d9%8a%d8%ab%d8%a7%d9%82","status":"publish","type":"page","link":"https:\/\/www.ftcc.tn\/ar\/%d8%a7%d9%84%d9%85%d9%8a%d8%ab%d8%a7%d9%82\/","title":{"rendered":"\u0627\u0644\u0645\u064a\u062b\u0627\u0642"},"content":{"rendered":"\t\t<div data-elementor-type=\"wp-page\" data-elementor-id=\"6283\" class=\"elementor elementor-6283 elementor-6109\" data-elementor-settings=\"[]\">\n\t\t\t<div class=\"elementor-inner\">\n\t\t\t\t<div class=\"elementor-section-wrap\">\n\t\t\t\t\t\t\t<section class=\"elementor-element elementor-element-0307f94 elementor-section-height-min-height Charte-fr elementor-section-boxed elementor-section-height-default elementor-section-items-middle elementor-section elementor-top-section\" data-id=\"0307f94\" data-element_type=\"section\">\n\t\t\t\t\t\t<div class=\"elementor-container elementor-column-gap-narrow\">\n\t\t\t\t<div class=\"elementor-row\">\n\t\t\t\t<div class=\"elementor-element elementor-element-697b6bf bg-column elementor-column elementor-col-100 elementor-top-column\" data-id=\"697b6bf\" data-element_type=\"column\">\n\t\t\t<div class=\"elementor-column-wrap  elementor-element-populated\">\n\t\t\t\t\t<div class=\"elementor-widget-wrap\">\n\t\t\t\t<div class=\"elementor-element elementor-element-41680da image-loi-ar elementor-widget elementor-widget-image\" data-id=\"41680da\" data-element_type=\"widget\" data-widget_type=\"image.default\">\n\t\t\t\t<div class=\"elementor-widget-container\">\n\t\t\t\t\t<div class=\"elementor-image\">\n\t\t\t\t\t\t\t<figure class=\"wp-caption\">\n\t\t\t\t\t\t\t\t\t\t\t<a href=\"\/wp-content\/uploads\/2020\/08\/\u0627\u0644\u0642\u0627\u0646\u0648\u0646-\u0627\u0644\u0623\u0633\u0627\u0633\u064a.pdf\" target=\"_blank\">\n\t\t\t\t\t\t\t<img decoding=\"async\" src=\"https:\/\/www.ftcc.tn\/wp-content\/uploads\/2025\/09\/Rapport-CAC-2024-Signe-1.pdf\" title=\"\" alt=\"\" \/>\t\t\t\t\t\t\t\t<\/a>\n\t\t\t\t\t\t\t\t\t\t\t<figcaption class=\"widget-image-caption wp-caption-text\"><\/figcaption>\n\t\t\t\t\t\t\t\t\t\t<\/figure>\n\t\t\t\t\t<\/div>\n\t\t\t\t<\/div>\n\t\t\t\t<\/div>\n\t\t\t\t\t\t<\/div>\n\t\t\t<\/div>\n\t\t<\/div>\n\t\t\t\t\t\t<\/div>\n\t\t\t<\/div>\n\t\t<\/section>\n\t\t\t\t<section class=\"elementor-element elementor-element-641c9ac elementor-section-height-min-height Charte-fr elementor-section-boxed elementor-section-height-default elementor-section-items-middle elementor-section elementor-top-section\" data-id=\"641c9ac\" data-element_type=\"section\">\n\t\t\t\t\t\t<div class=\"elementor-container elementor-column-gap-narrow\">\n\t\t\t\t<div class=\"elementor-row\">\n\t\t\t\t<div class=\"elementor-element elementor-element-e81f1b0 bg-column elementor-column elementor-col-33 elementor-top-column\" data-id=\"e81f1b0\" data-element_type=\"column\">\n\t\t\t<div class=\"elementor-column-wrap  elementor-element-populated\">\n\t\t\t\t\t<div class=\"elementor-widget-wrap\">\n\t\t\t\t<div class=\"elementor-element elementor-element-7ccc5fe image-loi-ar elementor-widget elementor-widget-image\" data-id=\"7ccc5fe\" data-element_type=\"widget\" data-widget_type=\"image.default\">\n\t\t\t\t<div class=\"elementor-widget-container\">\n\t\t\t\t\t<div class=\"elementor-image\">\n\t\t\t\t\t\t\t\t\t\t\t<a href=\"\/wp-content\/uploads\/2020\/08\/\u0623\u0631\u0636\u064a\u0629-\u0627\u0644\u0639\u0645\u0644-\u0627\u0644\u062b\u0642\u0627\u0641\u064a.pdf\" target=\"_blank\">\n\t\t\t\t\t\t\t<img loading=\"lazy\" decoding=\"async\" width=\"610\" height=\"500\" src=\"https:\/\/www.ftcc.tn\/wp-content\/uploads\/2020\/08\/\u0623\u0631\u0636\u064a\u0640\u0640\u0640\u0640\u0629-\u0627\u0644\u0639\u0645\u0640\u0640\u0640\u0640\u0640\u0644-\u0627\u0644\u062b\u0642\u0640\u0640\u0640\u0640\u0640\u0640\u0640\u0627\u0641\u0640\u0640\u0640\u0640\u0640\u064a.png\" class=\"attachment-large size-large\" alt=\"\" srcset=\"https:\/\/www.ftcc.tn\/wp-content\/uploads\/2020\/08\/\u0623\u0631\u0636\u064a\u0640\u0640\u0640\u0640\u0629-\u0627\u0644\u0639\u0645\u0640\u0640\u0640\u0640\u0640\u0644-\u0627\u0644\u062b\u0642\u0640\u0640\u0640\u0640\u0640\u0640\u0640\u0627\u0641\u0640\u0640\u0640\u0640\u0640\u064a.png 610w, https:\/\/www.ftcc.tn\/wp-content\/uploads\/2020\/08\/\u0623\u0631\u0636\u064a\u0640\u0640\u0640\u0640\u0629-\u0627\u0644\u0639\u0645\u0640\u0640\u0640\u0640\u0640\u0644-\u0627\u0644\u062b\u0642\u0640\u0640\u0640\u0640\u0640\u0640\u0640\u0627\u0641\u0640\u0640\u0640\u0640\u0640\u064a-300x246.png 300w\" sizes=\"auto, (max-width: 610px) 100vw, 610px\" \/>\t\t\t\t\t\t\t\t<\/a>\n\t\t\t\t\t\t\t\t\t\t\t<\/div>\n\t\t\t\t<\/div>\n\t\t\t\t<\/div>\n\t\t\t\t\t\t<\/div>\n\t\t\t<\/div>\n\t\t<\/div>\n\t\t\t\t<div class=\"elementor-element elementor-element-3222f74 bg-column elementor-column elementor-col-33 elementor-top-column\" data-id=\"3222f74\" data-element_type=\"column\">\n\t\t\t<div class=\"elementor-column-wrap  elementor-element-populated\">\n\t\t\t\t\t<div class=\"elementor-widget-wrap\">\n\t\t\t\t<div class=\"elementor-element elementor-element-c56f851 image-loi-ar elementor-widget elementor-widget-image\" data-id=\"c56f851\" data-element_type=\"widget\" data-widget_type=\"image.default\">\n\t\t\t\t<div class=\"elementor-widget-container\">\n\t\t\t\t\t<div class=\"elementor-image\">\n\t\t\t\t\t\t\t\t\t\t\t<a href=\"\/wp-content\/uploads\/2020\/08\/\u0627\u0644\u0642\u0627\u0646\u0648\u0646-\u0627\u0644\u0623\u0633\u0627\u0633\u064a.pdf\" target=\"_blank\">\n\t\t\t\t\t\t\t<img loading=\"lazy\" decoding=\"async\" width=\"593\" height=\"557\" src=\"https:\/\/www.ftcc.tn\/wp-content\/uploads\/2020\/08\/\u0627\u0644\u0642\u0627\u0646\u0648\u0646-\u0627\u0644\u0623\u0633\u0627\u0633\u064a.png\" class=\"attachment-large size-large\" alt=\"\" srcset=\"https:\/\/www.ftcc.tn\/wp-content\/uploads\/2020\/08\/\u0627\u0644\u0642\u0627\u0646\u0648\u0646-\u0627\u0644\u0623\u0633\u0627\u0633\u064a.png 593w, https:\/\/www.ftcc.tn\/wp-content\/uploads\/2020\/08\/\u0627\u0644\u0642\u0627\u0646\u0648\u0646-\u0627\u0644\u0623\u0633\u0627\u0633\u064a-300x282.png 300w\" sizes=\"auto, (max-width: 593px) 100vw, 593px\" \/>\t\t\t\t\t\t\t\t<\/a>\n\t\t\t\t\t\t\t\t\t\t\t<\/div>\n\t\t\t\t<\/div>\n\t\t\t\t<\/div>\n\t\t\t\t\t\t<\/div>\n\t\t\t<\/div>\n\t\t<\/div>\n\t\t\t\t<div class=\"elementor-element elementor-element-6860b93 bg-column elementor-column elementor-col-33 elementor-top-column\" data-id=\"6860b93\" data-element_type=\"column\">\n\t\t\t<div class=\"elementor-column-wrap  elementor-element-populated\">\n\t\t\t\t\t<div class=\"elementor-widget-wrap\">\n\t\t\t\t<div class=\"elementor-element elementor-element-e3faea9 image-loi-ar elementor-widget elementor-widget-image\" data-id=\"e3faea9\" data-element_type=\"widget\" data-widget_type=\"image.default\">\n\t\t\t\t<div class=\"elementor-widget-container\">\n\t\t\t\t\t<div class=\"elementor-image\">\n\t\t\t\t\t\t\t\t\t\t\t<a href=\"\/wp-content\/uploads\/2020\/08\/\u0627\u0644\u0646\u0638\u0627\u0645-\u0627\u0644\u062f\u0627\u062e\u0644\u064a.pdf\" target=\"_blank\">\n\t\t\t\t\t\t\t<img loading=\"lazy\" decoding=\"async\" width=\"598\" height=\"528\" src=\"https:\/\/www.ftcc.tn\/wp-content\/uploads\/2020\/08\/\u0627\u0644\u0646\u064e\u0638\u0627\u0645-\u0627\u0644\u062f\u064e\u0627\u062e\u0644\u064a.png\" class=\"attachment-large size-large\" alt=\"\" srcset=\"https:\/\/www.ftcc.tn\/wp-content\/uploads\/2020\/08\/\u0627\u0644\u0646\u064e\u0638\u0627\u0645-\u0627\u0644\u062f\u064e\u0627\u062e\u0644\u064a.png 598w, https:\/\/www.ftcc.tn\/wp-content\/uploads\/2020\/08\/\u0627\u0644\u0646\u064e\u0638\u0627\u0645-\u0627\u0644\u062f\u064e\u0627\u062e\u0644\u064a-300x265.png 300w\" sizes=\"auto, (max-width: 598px) 100vw, 598px\" \/>\t\t\t\t\t\t\t\t<\/a>\n\t\t\t\t\t\t\t\t\t\t\t<\/div>\n\t\t\t\t<\/div>\n\t\t\t\t<\/div>\n\t\t\t\t\t\t<\/div>\n\t\t\t<\/div>\n\t\t<\/div>\n\t\t\t\t\t\t<\/div>\n\t\t\t<\/div>\n\t\t<\/section>\n\t\t\t\t\t\t<\/div>\n\t\t\t<\/div>\n\t\t<\/div>\n\t\t","protected":false},"excerpt":{"rendered":"","protected":false},"author":1,"featured_media":0,"parent":0,"menu_order":0,"comment_status":"closed","ping_status":"closed","template":"template\/full-width-template.php","meta":{"footnotes":""},"class_list":["post-6283","page","type-page","status-publish","hentry"],"yoast_head":"<!-- This site is optimized with the Yoast SEO plugin v26.9 - https:\/\/yoast.com\/product\/yoast-seo-wordpress\/ -->\n<title>\u0627\u0644\u0645\u064a\u062b\u0627\u0642 - La F\u00e9d\u00e9ration Tunisienne des Cin\u00e9-Clubs<\/title>\n<meta name=\"robots\" content=\"index, follow, max-snippet:-1, max-image-preview:large, max-video-preview:-1\" \/>\n<link rel=\"canonical\" href=\"https:\/\/www.ftcc.tn\/charte\/\" \/>\n<meta property=\"og:locale\" content=\"ar_AR\" \/>\n<meta property=\"og:type\" content=\"article\" \/>\n<meta property=\"og:title\" content=\"\u0627\u0644\u0645\u064a\u062b\u0627\u0642 - La F\u00e9d\u00e9ration Tunisienne des Cin\u00e9-Clubs\" \/>\n<meta property=\"og:url\" content=\"https:\/\/www.ftcc.tn\/charte\/\" \/>\n<meta property=\"og:site_name\" content=\"La F\u00e9d\u00e9ration Tunisienne des Cin\u00e9-Clubs\" \/>\n<meta property=\"article:publisher\" content=\"https:\/\/www.facebook.com\/FTCCTunisie\" \/>\n<meta property=\"article:modified_time\" content=\"2025-09-09T22:23:16+00:00\" \/>\n<meta property=\"og:image\" content=\"https:\/\/www.ftcc.tn\/wp-content\/uploads\/2025\/09\/Rapport-CAC-2024-Signe-1.pdf\" \/>\n<meta name=\"twitter:card\" content=\"summary_large_image\" \/>\n<script type=\"application\/ld+json\" class=\"yoast-schema-graph\">{\"@context\":\"https:\/\/schema.org\",\"@graph\":[{\"@type\":\"WebPage\",\"@id\":\"https:\/\/www.ftcc.tn\/charte\/\",\"url\":\"https:\/\/www.ftcc.tn\/charte\/\",\"name\":\"\u0627\u0644\u0645\u064a\u062b\u0627\u0642 - La F\u00e9d\u00e9ration Tunisienne des Cin\u00e9-Clubs\",\"isPartOf\":{\"@id\":\"https:\/\/www.ftcc.tn\/#website\"},\"primaryImageOfPage\":{\"@id\":\"https:\/\/www.ftcc.tn\/charte\/#primaryimage\"},\"image\":{\"@id\":\"https:\/\/www.ftcc.tn\/charte\/#primaryimage\"},\"thumbnailUrl\":\"https:\/\/www.ftcc.tn\/wp-content\/uploads\/2025\/09\/Rapport-CAC-2024-Signe-1.pdf\",\"datePublished\":\"2020-08-07T07:32:26+00:00\",\"dateModified\":\"2025-09-09T22:23:16+00:00\",\"breadcrumb\":{\"@id\":\"https:\/\/www.ftcc.tn\/charte\/#breadcrumb\"},\"inLanguage\":\"ar\",\"potentialAction\":[{\"@type\":\"ReadAction\",\"target\":[\"https:\/\/www.ftcc.tn\/charte\/\"]}]},{\"@type\":\"ImageObject\",\"inLanguage\":\"ar\",\"@id\":\"https:\/\/www.ftcc.tn\/charte\/#primaryimage\",\"url\":\"https:\/\/www.ftcc.tn\/wp-content\/uploads\/2025\/09\/Rapport-CAC-2024-Signe-1.pdf\",\"contentUrl\":\"https:\/\/www.ftcc.tn\/wp-content\/uploads\/2025\/09\/Rapport-CAC-2024-Signe-1.pdf\"},{\"@type\":\"BreadcrumbList\",\"@id\":\"https:\/\/www.ftcc.tn\/charte\/#breadcrumb\",\"itemListElement\":[{\"@type\":\"ListItem\",\"position\":1,\"name\":\"Home\",\"item\":\"https:\/\/www.ftcc.tn\/\"},{\"@type\":\"ListItem\",\"position\":2,\"name\":\"\u0627\u0644\u0645\u064a\u062b\u0627\u0642\"}]},{\"@type\":\"WebSite\",\"@id\":\"https:\/\/www.ftcc.tn\/#website\",\"url\":\"https:\/\/www.ftcc.tn\/\",\"name\":\"La F\u00e9d\u00e9ration Tunisienne des Cin\u00e9-Clubs\",\"description\":\"Le cin\u00e9ma, autrement.\",\"publisher\":{\"@id\":\"https:\/\/www.ftcc.tn\/#organization\"},\"potentialAction\":[{\"@type\":\"SearchAction\",\"target\":{\"@type\":\"EntryPoint\",\"urlTemplate\":\"https:\/\/www.ftcc.tn\/?s={search_term_string}\"},\"query-input\":{\"@type\":\"PropertyValueSpecification\",\"valueRequired\":true,\"valueName\":\"search_term_string\"}}],\"inLanguage\":\"ar\"},{\"@type\":\"Organization\",\"@id\":\"https:\/\/www.ftcc.tn\/#organization\",\"name\":\"F\u00e9d\u00e9ration Tunisienne des Cin\u00e9-Clubs\",\"url\":\"https:\/\/www.ftcc.tn\/\",\"logo\":{\"@type\":\"ImageObject\",\"inLanguage\":\"ar\",\"@id\":\"https:\/\/www.ftcc.tn\/#\/schema\/logo\/image\/\",\"url\":\"https:\/\/www.ftcc.tn\/wp-content\/uploads\/2019\/06\/footer-logo.png\",\"contentUrl\":\"https:\/\/www.ftcc.tn\/wp-content\/uploads\/2019\/06\/footer-logo.png\",\"width\":108,\"height\":170,\"caption\":\"F\u00e9d\u00e9ration Tunisienne des Cin\u00e9-Clubs\"},\"image\":{\"@id\":\"https:\/\/www.ftcc.tn\/#\/schema\/logo\/image\/\"},\"sameAs\":[\"https:\/\/www.facebook.com\/FTCCTunisie\"]}]}<\/script>\n<!-- \/ Yoast SEO plugin. -->","yoast_head_json":{"title":"\u0627\u0644\u0645\u064a\u062b\u0627\u0642 - La F\u00e9d\u00e9ration Tunisienne des Cin\u00e9-Clubs","robots":{"index":"index","follow":"follow","max-snippet":"max-snippet:-1","max-image-preview":"max-image-preview:large","max-video-preview":"max-video-preview:-1"},"canonical":"https:\/\/www.ftcc.tn\/charte\/","og_locale":"ar_AR","og_type":"article","og_title":"\u0627\u0644\u0645\u064a\u062b\u0627\u0642 - La F\u00e9d\u00e9ration Tunisienne des Cin\u00e9-Clubs","og_url":"https:\/\/www.ftcc.tn\/charte\/","og_site_name":"La F\u00e9d\u00e9ration Tunisienne des Cin\u00e9-Clubs","article_publisher":"https:\/\/www.facebook.com\/FTCCTunisie","article_modified_time":"2025-09-09T22:23:16+00:00","og_image":[{"url":"https:\/\/www.ftcc.tn\/wp-content\/uploads\/2025\/09\/Rapport-CAC-2024-Signe-1.pdf","type":"","width":"","height":""}],"twitter_card":"summary_large_image","schema":{"@context":"https:\/\/schema.org","@graph":[{"@type":"WebPage","@id":"https:\/\/www.ftcc.tn\/charte\/","url":"https:\/\/www.ftcc.tn\/charte\/","name":"\u0627\u0644\u0645\u064a\u062b\u0627\u0642 - La F\u00e9d\u00e9ration Tunisienne des Cin\u00e9-Clubs","isPartOf":{"@id":"https:\/\/www.ftcc.tn\/#website"},"primaryImageOfPage":{"@id":"https:\/\/www.ftcc.tn\/charte\/#primaryimage"},"image":{"@id":"https:\/\/www.ftcc.tn\/charte\/#primaryimage"},"thumbnailUrl":"https:\/\/www.ftcc.tn\/wp-content\/uploads\/2025\/09\/Rapport-CAC-2024-Signe-1.pdf","datePublished":"2020-08-07T07:32:26+00:00","dateModified":"2025-09-09T22:23:16+00:00","breadcrumb":{"@id":"https:\/\/www.ftcc.tn\/charte\/#breadcrumb"},"inLanguage":"ar","potentialAction":[{"@type":"ReadAction","target":["https:\/\/www.ftcc.tn\/charte\/"]}]},{"@type":"ImageObject","inLanguage":"ar","@id":"https:\/\/www.ftcc.tn\/charte\/#primaryimage","url":"https:\/\/www.ftcc.tn\/wp-content\/uploads\/2025\/09\/Rapport-CAC-2024-Signe-1.pdf","contentUrl":"https:\/\/www.ftcc.tn\/wp-content\/uploads\/2025\/09\/Rapport-CAC-2024-Signe-1.pdf"},{"@type":"BreadcrumbList","@id":"https:\/\/www.ftcc.tn\/charte\/#breadcrumb","itemListElement":[{"@type":"ListItem","position":1,"name":"Home","item":"https:\/\/www.ftcc.tn\/"},{"@type":"ListItem","position":2,"name":"\u0627\u0644\u0645\u064a\u062b\u0627\u0642"}]},{"@type":"WebSite","@id":"https:\/\/www.ftcc.tn\/#website","url":"https:\/\/www.ftcc.tn\/","name":"La F\u00e9d\u00e9ration Tunisienne des Cin\u00e9-Clubs","description":"Le cin\u00e9ma, autrement.","publisher":{"@id":"https:\/\/www.ftcc.tn\/#organization"},"potentialAction":[{"@type":"SearchAction","target":{"@type":"EntryPoint","urlTemplate":"https:\/\/www.ftcc.tn\/?s={search_term_string}"},"query-input":{"@type":"PropertyValueSpecification","valueRequired":true,"valueName":"search_term_string"}}],"inLanguage":"ar"},{"@type":"Organization","@id":"https:\/\/www.ftcc.tn\/#organization","name":"F\u00e9d\u00e9ration Tunisienne des Cin\u00e9-Clubs","url":"https:\/\/www.ftcc.tn\/","logo":{"@type":"ImageObject","inLanguage":"ar","@id":"https:\/\/www.ftcc.tn\/#\/schema\/logo\/image\/","url":"https:\/\/www.ftcc.tn\/wp-content\/uploads\/2019\/06\/footer-logo.png","contentUrl":"https:\/\/www.ftcc.tn\/wp-content\/uploads\/2019\/06\/footer-logo.png","width":108,"height":170,"caption":"F\u00e9d\u00e9ration Tunisienne des Cin\u00e9-Clubs"},"image":{"@id":"https:\/\/www.ftcc.tn\/#\/schema\/logo\/image\/"},"sameAs":["https:\/\/www.facebook.com\/FTCCTunisie"]}]}},"_links":{"self":[{"href":"https:\/\/www.ftcc.tn\/ar\/wp-json\/wp\/v2\/pages\/6283","targetHints":{"allow":["GET"]}}],"collection":[{"href":"https:\/\/www.ftcc.tn\/ar\/wp-json\/wp\/v2\/pages"}],"about":[{"href":"https:\/\/www.ftcc.tn\/ar\/wp-json\/wp\/v2\/types\/page"}],"author":[{"embeddable":true,"href":"https:\/\/www.ftcc.tn\/ar\/wp-json\/wp\/v2\/users\/1"}],"replies":[{"embeddable":true,"href":"https:\/\/www.ftcc.tn\/ar\/wp-json\/wp\/v2\/comments?post=6283"}],"version-history":[{"count":13,"href":"https:\/\/www.ftcc.tn\/ar\/wp-json\/wp\/v2\/pages\/6283\/revisions"}],"predecessor-version":[{"id":7299,"href":"https:\/\/www.ftcc.tn\/ar\/wp-json\/wp\/v2\/pages\/6283\/revisions\/7299"}],"wp:attachment":[{"href":"https:\/\/www.ftcc.tn\/ar\/wp-json\/wp\/v2\/media?parent=6283"}],"curies":[{"name":"wp","href":"https:\/\/api.w.org\/{rel}","templated":true}]}}