{"id":6316,"date":"2020-08-07T09:34:14","date_gmt":"2020-08-07T07:34:14","guid":{"rendered":"http:\/\/ftcc.novatis.org\/reseau-des-cine-clubs\/"},"modified":"2020-09-21T14:45:56","modified_gmt":"2020-09-21T12:45:56","slug":"%d9%86%d9%80%d9%80%d9%80%d9%80%d9%88%d8%a7%d8%af%d9%8a-%d8%a7%d9%84%d8%b3%d9%80%d9%80%d9%80%d9%8a%d9%86%d9%85%d9%80%d9%80%d9%80%d8%a7","status":"publish","type":"page","link":"https:\/\/www.ftcc.tn\/ar\/%d9%86%d9%80%d9%80%d9%80%d9%80%d9%88%d8%a7%d8%af%d9%8a-%d8%a7%d9%84%d8%b3%d9%80%d9%80%d9%80%d9%8a%d9%86%d9%85%d9%80%d9%80%d9%80%d8%a7\/","title":{"rendered":"\u0646\u0640\u0640\u0640\u0640\u0648\u0627\u062f\u064a \u0627\u0644\u0633\u0640\u0640\u0640\u064a\u0646\u0645\u0640\u0640\u0640\u0627"},"content":{"rendered":"\t\t<div data-elementor-type=\"wp-page\" data-elementor-id=\"6316\" class=\"elementor elementor-6316 elementor-6112\" data-elementor-settings=\"[]\">\n\t\t\t<div class=\"elementor-inner\">\n\t\t\t\t<div class=\"elementor-section-wrap\">\n\t\t\t\t\t\t\t<section class=\"elementor-element elementor-element-7733ba3 reseau elementor-section-boxed elementor-section-height-default elementor-section-height-default elementor-section elementor-top-section\" data-id=\"7733ba3\" data-element_type=\"section\">\n\t\t\t\t\t\t<div class=\"elementor-container elementor-column-gap-default\">\n\t\t\t\t<div class=\"elementor-row\">\n\t\t\t\t<div class=\"elementor-element elementor-element-2df6f4b elementor-column elementor-col-100 elementor-top-column\" data-id=\"2df6f4b\" data-element_type=\"column\">\n\t\t\t<div class=\"elementor-column-wrap  elementor-element-populated\">\n\t\t\t\t\t<div class=\"elementor-widget-wrap\">\n\t\t\t\t<div class=\"elementor-element elementor-element-da8dbc7 elementor-invisible elementor-widget elementor-widget-image\" data-id=\"da8dbc7\" data-element_type=\"widget\" data-settings=\"{&quot;_animation&quot;:&quot;bounceIn&quot;}\" data-widget_type=\"image.default\">\n\t\t\t\t<div class=\"elementor-widget-container\">\n\t\t\t\t\t<div class=\"elementor-image\">\n\t\t\t\t\t\t\t\t\t\t<img loading=\"lazy\" decoding=\"async\" width=\"1061\" height=\"1500\" src=\"https:\/\/www.ftcc.tn\/wp-content\/uploads\/2020\/09\/\u062e\u0627\u0631\u0637\u0629-\u0627\u0644\u0646\u0648\u0627\u062f\u064a.png\" class=\"attachment-full size-full\" alt=\"\" srcset=\"https:\/\/www.ftcc.tn\/wp-content\/uploads\/2020\/09\/\u062e\u0627\u0631\u0637\u0629-\u0627\u0644\u0646\u0648\u0627\u062f\u064a.png 1061w, https:\/\/www.ftcc.tn\/wp-content\/uploads\/2020\/09\/\u062e\u0627\u0631\u0637\u0629-\u0627\u0644\u0646\u0648\u0627\u062f\u064a-212x300.png 212w, https:\/\/www.ftcc.tn\/wp-content\/uploads\/2020\/09\/\u062e\u0627\u0631\u0637\u0629-\u0627\u0644\u0646\u0648\u0627\u062f\u064a-724x1024.png 724w, https:\/\/www.ftcc.tn\/wp-content\/uploads\/2020\/09\/\u062e\u0627\u0631\u0637\u0629-\u0627\u0644\u0646\u0648\u0627\u062f\u064a-768x1086.png 768w\" sizes=\"auto, (max-width: 1061px) 100vw, 1061px\" \/>\t\t\t\t\t\t\t\t\t\t\t<\/div>\n\t\t\t\t<\/div>\n\t\t\t\t<\/div>\n\t\t\t\t\t\t<\/div>\n\t\t\t<\/div>\n\t\t<\/div>\n\t\t\t\t\t\t<\/div>\n\t\t\t<\/div>\n\t\t<\/section>\n\t\t\t\t\t\t<\/div>\n\t\t\t<\/div>\n\t\t<\/div>\n\t\t","protected":false},"excerpt":{"rendered":"","protected":false},"author":1,"featured_media":0,"parent":0,"menu_order":0,"comment_status":"closed","ping_status":"closed","template":"template\/full-width-template.php","meta":{"footnotes":""},"class_list":["post-6316","page","type-page","status-publish","hentry"],"yoast_head":"<!-- This site is optimized with the Yoast SEO plugin v26.9 - https:\/\/yoast.com\/product\/yoast-seo-wordpress\/ -->\n<title>\u0646\u0640\u0640\u0640\u0640\u0648\u0627\u062f\u064a \u0627\u0644\u0633\u0640\u0640\u0640\u064a\u0646\u0645\u0640\u0640\u0640\u0627 - La F\u00e9d\u00e9ration Tunisienne des Cin\u00e9-Clubs<\/title>\n<meta name=\"robots\" content=\"index, follow, max-snippet:-1, max-image-preview:large, max-video-preview:-1\" \/>\n<link rel=\"canonical\" href=\"https:\/\/www.ftcc.tn\/ar\/\u0646\u0640\u0640\u0640\u0640\u0648\u0627\u062f\u064a-\u0627\u0644\u0633\u0640\u0640\u0640\u064a\u0646\u0645\u0640\u0640\u0640\u0627\/\" \/>\n<meta property=\"og:locale\" content=\"ar_AR\" \/>\n<meta property=\"og:type\" content=\"article\" \/>\n<meta property=\"og:title\" content=\"\u0646\u0640\u0640\u0640\u0640\u0648\u0627\u062f\u064a \u0627\u0644\u0633\u0640\u0640\u0640\u064a\u0646\u0645\u0640\u0640\u0640\u0627 - La F\u00e9d\u00e9ration Tunisienne des Cin\u00e9-Clubs\" \/>\n<meta property=\"og:url\" content=\"https:\/\/www.ftcc.tn\/ar\/\u0646\u0640\u0640\u0640\u0640\u0648\u0627\u062f\u064a-\u0627\u0644\u0633\u0640\u0640\u0640\u064a\u0646\u0645\u0640\u0640\u0640\u0627\/\" \/>\n<meta property=\"og:site_name\" content=\"La F\u00e9d\u00e9ration Tunisienne des Cin\u00e9-Clubs\" \/>\n<meta property=\"article:publisher\" content=\"https:\/\/www.facebook.com\/FTCCTunisie\" \/>\n<meta property=\"article:modified_time\" content=\"2020-09-21T12:45:56+00:00\" \/>\n<meta name=\"twitter:card\" content=\"summary_large_image\" \/>\n<script type=\"application\/ld+json\" class=\"yoast-schema-graph\">{\"@context\":\"https:\/\/schema.org\",\"@graph\":[{\"@type\":\"WebPage\",\"@id\":\"https:\/\/www.ftcc.tn\/ar\/%d9%86%d9%80%d9%80%d9%80%d9%80%d9%88%d8%a7%d8%af%d9%8a-%d8%a7%d9%84%d8%b3%d9%80%d9%80%d9%80%d9%8a%d9%86%d9%85%d9%80%d9%80%d9%80%d8%a7\/\",\"url\":\"https:\/\/www.ftcc.tn\/ar\/%d9%86%d9%80%d9%80%d9%80%d9%80%d9%88%d8%a7%d8%af%d9%8a-%d8%a7%d9%84%d8%b3%d9%80%d9%80%d9%80%d9%8a%d9%86%d9%85%d9%80%d9%80%d9%80%d8%a7\/\",\"name\":\"\u0646\u0640\u0640\u0640\u0640\u0648\u0627\u062f\u064a \u0627\u0644\u0633\u0640\u0640\u0640\u064a\u0646\u0645\u0640\u0640\u0640\u0627 - La F\u00e9d\u00e9ration Tunisienne des Cin\u00e9-Clubs\",\"isPartOf\":{\"@id\":\"https:\/\/www.ftcc.tn\/#website\"},\"datePublished\":\"2020-08-07T07:34:14+00:00\",\"dateModified\":\"2020-09-21T12:45:56+00:00\",\"breadcrumb\":{\"@id\":\"https:\/\/www.ftcc.tn\/ar\/%d9%86%d9%80%d9%80%d9%80%d9%80%d9%88%d8%a7%d8%af%d9%8a-%d8%a7%d9%84%d8%b3%d9%80%d9%80%d9%80%d9%8a%d9%86%d9%85%d9%80%d9%80%d9%80%d8%a7\/#breadcrumb\"},\"inLanguage\":\"ar\",\"potentialAction\":[{\"@type\":\"ReadAction\",\"target\":[\"https:\/\/www.ftcc.tn\/ar\/%d9%86%d9%80%d9%80%d9%80%d9%80%d9%88%d8%a7%d8%af%d9%8a-%d8%a7%d9%84%d8%b3%d9%80%d9%80%d9%80%d9%8a%d9%86%d9%85%d9%80%d9%80%d9%80%d8%a7\/\"]}]},{\"@type\":\"BreadcrumbList\",\"@id\":\"https:\/\/www.ftcc.tn\/ar\/%d9%86%d9%80%d9%80%d9%80%d9%80%d9%88%d8%a7%d8%af%d9%8a-%d8%a7%d9%84%d8%b3%d9%80%d9%80%d9%80%d9%8a%d9%86%d9%85%d9%80%d9%80%d9%80%d8%a7\/#breadcrumb\",\"itemListElement\":[{\"@type\":\"ListItem\",\"position\":1,\"name\":\"Home\",\"item\":\"https:\/\/www.ftcc.tn\/\"},{\"@type\":\"ListItem\",\"position\":2,\"name\":\"\u0646\u0640\u0640\u0640\u0640\u0648\u0627\u062f\u064a \u0627\u0644\u0633\u0640\u0640\u0640\u064a\u0646\u0645\u0640\u0640\u0640\u0627\"}]},{\"@type\":\"WebSite\",\"@id\":\"https:\/\/www.ftcc.tn\/#website\",\"url\":\"https:\/\/www.ftcc.tn\/\",\"name\":\"La F\u00e9d\u00e9ration Tunisienne des Cin\u00e9-Clubs\",\"description\":\"Le cin\u00e9ma, autrement.\",\"publisher\":{\"@id\":\"https:\/\/www.ftcc.tn\/#organization\"},\"potentialAction\":[{\"@type\":\"SearchAction\",\"target\":{\"@type\":\"EntryPoint\",\"urlTemplate\":\"https:\/\/www.ftcc.tn\/?s={search_term_string}\"},\"query-input\":{\"@type\":\"PropertyValueSpecification\",\"valueRequired\":true,\"valueName\":\"search_term_string\"}}],\"inLanguage\":\"ar\"},{\"@type\":\"Organization\",\"@id\":\"https:\/\/www.ftcc.tn\/#organization\",\"name\":\"F\u00e9d\u00e9ration Tunisienne des Cin\u00e9-Clubs\",\"url\":\"https:\/\/www.ftcc.tn\/\",\"logo\":{\"@type\":\"ImageObject\",\"inLanguage\":\"ar\",\"@id\":\"https:\/\/www.ftcc.tn\/#\/schema\/logo\/image\/\",\"url\":\"https:\/\/www.ftcc.tn\/wp-content\/uploads\/2019\/06\/footer-logo.png\",\"contentUrl\":\"https:\/\/www.ftcc.tn\/wp-content\/uploads\/2019\/06\/footer-logo.png\",\"width\":108,\"height\":170,\"caption\":\"F\u00e9d\u00e9ration Tunisienne des Cin\u00e9-Clubs\"},\"image\":{\"@id\":\"https:\/\/www.ftcc.tn\/#\/schema\/logo\/image\/\"},\"sameAs\":[\"https:\/\/www.facebook.com\/FTCCTunisie\"]}]}<\/script>\n<!-- \/ Yoast SEO plugin. -->","yoast_head_json":{"title":"\u0646\u0640\u0640\u0640\u0640\u0648\u0627\u062f\u064a \u0627\u0644\u0633\u0640\u0640\u0640\u064a\u0646\u0645\u0640\u0640\u0640\u0627 - La F\u00e9d\u00e9ration Tunisienne des Cin\u00e9-Clubs","robots":{"index":"index","follow":"follow","max-snippet":"max-snippet:-1","max-image-preview":"max-image-preview:large","max-video-preview":"max-video-preview:-1"},"canonical":"https:\/\/www.ftcc.tn\/ar\/\u0646\u0640\u0640\u0640\u0640\u0648\u0627\u062f\u064a-\u0627\u0644\u0633\u0640\u0640\u0640\u064a\u0646\u0645\u0640\u0640\u0640\u0627\/","og_locale":"ar_AR","og_type":"article","og_title":"\u0646\u0640\u0640\u0640\u0640\u0648\u0627\u062f\u064a \u0627\u0644\u0633\u0640\u0640\u0640\u064a\u0646\u0645\u0640\u0640\u0640\u0627 - La F\u00e9d\u00e9ration Tunisienne des Cin\u00e9-Clubs","og_url":"https:\/\/www.ftcc.tn\/ar\/\u0646\u0640\u0640\u0640\u0640\u0648\u0627\u062f\u064a-\u0627\u0644\u0633\u0640\u0640\u0640\u064a\u0646\u0645\u0640\u0640\u0640\u0627\/","og_site_name":"La F\u00e9d\u00e9ration Tunisienne des Cin\u00e9-Clubs","article_publisher":"https:\/\/www.facebook.com\/FTCCTunisie","article_modified_time":"2020-09-21T12:45:56+00:00","twitter_card":"summary_large_image","schema":{"@context":"https:\/\/schema.org","@graph":[{"@type":"WebPage","@id":"https:\/\/www.ftcc.tn\/ar\/%d9%86%d9%80%d9%80%d9%80%d9%80%d9%88%d8%a7%d8%af%d9%8a-%d8%a7%d9%84%d8%b3%d9%80%d9%80%d9%80%d9%8a%d9%86%d9%85%d9%80%d9%80%d9%80%d8%a7\/","url":"https:\/\/www.ftcc.tn\/ar\/%d9%86%d9%80%d9%80%d9%80%d9%80%d9%88%d8%a7%d8%af%d9%8a-%d8%a7%d9%84%d8%b3%d9%80%d9%80%d9%80%d9%8a%d9%86%d9%85%d9%80%d9%80%d9%80%d8%a7\/","name":"\u0646\u0640\u0640\u0640\u0640\u0648\u0627\u062f\u064a \u0627\u0644\u0633\u0640\u0640\u0640\u064a\u0646\u0645\u0640\u0640\u0640\u0627 - La F\u00e9d\u00e9ration Tunisienne des Cin\u00e9-Clubs","isPartOf":{"@id":"https:\/\/www.ftcc.tn\/#website"},"datePublished":"2020-08-07T07:34:14+00:00","dateModified":"2020-09-21T12:45:56+00:00","breadcrumb":{"@id":"https:\/\/www.ftcc.tn\/ar\/%d9%86%d9%80%d9%80%d9%80%d9%80%d9%88%d8%a7%d8%af%d9%8a-%d8%a7%d9%84%d8%b3%d9%80%d9%80%d9%80%d9%8a%d9%86%d9%85%d9%80%d9%80%d9%80%d8%a7\/#breadcrumb"},"inLanguage":"ar","potentialAction":[{"@type":"ReadAction","target":["https:\/\/www.ftcc.tn\/ar\/%d9%86%d9%80%d9%80%d9%80%d9%80%d9%88%d8%a7%d8%af%d9%8a-%d8%a7%d9%84%d8%b3%d9%80%d9%80%d9%80%d9%8a%d9%86%d9%85%d9%80%d9%80%d9%80%d8%a7\/"]}]},{"@type":"BreadcrumbList","@id":"https:\/\/www.ftcc.tn\/ar\/%d9%86%d9%80%d9%80%d9%80%d9%80%d9%88%d8%a7%d8%af%d9%8a-%d8%a7%d9%84%d8%b3%d9%80%d9%80%d9%80%d9%8a%d9%86%d9%85%d9%80%d9%80%d9%80%d8%a7\/#breadcrumb","itemListElement":[{"@type":"ListItem","position":1,"name":"Home","item":"https:\/\/www.ftcc.tn\/"},{"@type":"ListItem","position":2,"name":"\u0646\u0640\u0640\u0640\u0640\u0648\u0627\u062f\u064a \u0627\u0644\u0633\u0640\u0640\u0640\u064a\u0646\u0645\u0640\u0640\u0640\u0627"}]},{"@type":"WebSite","@id":"https:\/\/www.ftcc.tn\/#website","url":"https:\/\/www.ftcc.tn\/","name":"La F\u00e9d\u00e9ration Tunisienne des Cin\u00e9-Clubs","description":"Le cin\u00e9ma, autrement.","publisher":{"@id":"https:\/\/www.ftcc.tn\/#organization"},"potentialAction":[{"@type":"SearchAction","target":{"@type":"EntryPoint","urlTemplate":"https:\/\/www.ftcc.tn\/?s={search_term_string}"},"query-input":{"@type":"PropertyValueSpecification","valueRequired":true,"valueName":"search_term_string"}}],"inLanguage":"ar"},{"@type":"Organization","@id":"https:\/\/www.ftcc.tn\/#organization","name":"F\u00e9d\u00e9ration Tunisienne des Cin\u00e9-Clubs","url":"https:\/\/www.ftcc.tn\/","logo":{"@type":"ImageObject","inLanguage":"ar","@id":"https:\/\/www.ftcc.tn\/#\/schema\/logo\/image\/","url":"https:\/\/www.ftcc.tn\/wp-content\/uploads\/2019\/06\/footer-logo.png","contentUrl":"https:\/\/www.ftcc.tn\/wp-content\/uploads\/2019\/06\/footer-logo.png","width":108,"height":170,"caption":"F\u00e9d\u00e9ration Tunisienne des Cin\u00e9-Clubs"},"image":{"@id":"https:\/\/www.ftcc.tn\/#\/schema\/logo\/image\/"},"sameAs":["https:\/\/www.facebook.com\/FTCCTunisie"]}]}},"_links":{"self":[{"href":"https:\/\/www.ftcc.tn\/ar\/wp-json\/wp\/v2\/pages\/6316","targetHints":{"allow":["GET"]}}],"collection":[{"href":"https:\/\/www.ftcc.tn\/ar\/wp-json\/wp\/v2\/pages"}],"about":[{"href":"https:\/\/www.ftcc.tn\/ar\/wp-json\/wp\/v2\/types\/page"}],"author":[{"embeddable":true,"href":"https:\/\/www.ftcc.tn\/ar\/wp-json\/wp\/v2\/users\/1"}],"replies":[{"embeddable":true,"href":"https:\/\/www.ftcc.tn\/ar\/wp-json\/wp\/v2\/comments?post=6316"}],"version-history":[{"count":6,"href":"https:\/\/www.ftcc.tn\/ar\/wp-json\/wp\/v2\/pages\/6316\/revisions"}],"predecessor-version":[{"id":6513,"href":"https:\/\/www.ftcc.tn\/ar\/wp-json\/wp\/v2\/pages\/6316\/revisions\/6513"}],"wp:attachment":[{"href":"https:\/\/www.ftcc.tn\/ar\/wp-json\/wp\/v2\/media?parent=6316"}],"curies":[{"name":"wp","href":"https:\/\/api.w.org\/{rel}","templated":true}]}}