{"id":6344,"date":"2020-08-18T09:14:12","date_gmt":"2020-08-18T07:14:12","guid":{"rendered":"http:\/\/ftcc.novatis.org\/?page_id=6344"},"modified":"2020-08-18T09:38:14","modified_gmt":"2020-08-18T07:38:14","slug":"%d8%a7%d9%84%d8%a8%d9%84%d8%a7%d8%ba%d8%a7%d8%aa-%d8%a7%d9%84%d8%b5%d8%ad%d9%81%d9%8a%d8%a9","status":"publish","type":"page","link":"https:\/\/www.ftcc.tn\/ar\/%d8%a7%d9%84%d8%a8%d9%84%d8%a7%d8%ba%d8%a7%d8%aa-%d8%a7%d9%84%d8%b5%d8%ad%d9%81%d9%8a%d8%a9\/","title":{"rendered":"\u0627\u0644\u0628\u0644\u0627\u063a\u0627\u062a \u0627\u0644\u0635\u062d\u0641\u064a\u0629"},"content":{"rendered":"\t\t<div data-elementor-type=\"wp-page\" data-elementor-id=\"6344\" class=\"elementor elementor-6344 elementor-6514\" data-elementor-settings=\"[]\">\n\t\t\t<div class=\"elementor-inner\">\n\t\t\t\t<div class=\"elementor-section-wrap\">\n\t\t\t\t\t\t\t<section class=\"elementor-element elementor-element-c876bf8 presse elementor-section-boxed elementor-section-height-default elementor-section-height-default elementor-section elementor-top-section\" data-id=\"c876bf8\" data-element_type=\"section\">\n\t\t\t\t\t\t<div class=\"elementor-container elementor-column-gap-narrow\">\n\t\t\t\t<div class=\"elementor-row\">\n\t\t\t\t<div class=\"elementor-element elementor-element-bd93035 bg-column elementor-column elementor-col-50 elementor-top-column\" data-id=\"bd93035\" data-element_type=\"column\">\n\t\t\t<div class=\"elementor-column-wrap  elementor-element-populated\">\n\t\t\t\t\t<div class=\"elementor-widget-wrap\">\n\t\t\t\t<div class=\"elementor-element elementor-element-cf84c11 elementor-widget elementor-widget-image\" data-id=\"cf84c11\" data-element_type=\"widget\" data-widget_type=\"image.default\">\n\t\t\t\t<div class=\"elementor-widget-container\">\n\t\t\t\t\t<div class=\"elementor-image\">\n\t\t\t\t\t\t\t<figure class=\"wp-caption\">\n\t\t\t\t\t\t\t\t\t\t\t<a href=\"https:\/\/www.naasnetwork.org\/ar\/content\/%D8%A5%D8%B7%D9%84%D8%A7%D9%82-%D8%B3%D9%8A%D9%86%D9%8A-%D9%81%D8%A7%D8%A8%D8%B1%D9%8A%D9%83%D8%A7?fbclid=IwAR3_lVLKeEJa3IfcIE2JnIw3Yzz6Mrk6b4w9s-TOf6pjxqd_DAtz6usR_Os\" target=\"_blank\">\n\t\t\t\t\t\t\t<img loading=\"lazy\" decoding=\"async\" width=\"800\" height=\"534\" src=\"https:\/\/www.ftcc.tn\/wp-content\/uploads\/2020\/08\/\u0633\u064a\u0646\u064a-\u0641\u0627\u0628\u0631\u064a\u0643\u0627-1024x683.jpg\" class=\"attachment-large size-large\" alt=\"\" srcset=\"https:\/\/www.ftcc.tn\/wp-content\/uploads\/2020\/08\/\u0633\u064a\u0646\u064a-\u0641\u0627\u0628\u0631\u064a\u0643\u0627-1024x683.jpg 1024w, https:\/\/www.ftcc.tn\/wp-content\/uploads\/2020\/08\/\u0633\u064a\u0646\u064a-\u0641\u0627\u0628\u0631\u064a\u0643\u0627-300x200.jpg 300w, https:\/\/www.ftcc.tn\/wp-content\/uploads\/2020\/08\/\u0633\u064a\u0646\u064a-\u0641\u0627\u0628\u0631\u064a\u0643\u0627-768x512.jpg 768w, https:\/\/www.ftcc.tn\/wp-content\/uploads\/2020\/08\/\u0633\u064a\u0646\u064a-\u0641\u0627\u0628\u0631\u064a\u0643\u0627-1536x1024.jpg 1536w, https:\/\/www.ftcc.tn\/wp-content\/uploads\/2020\/08\/\u0633\u064a\u0646\u064a-\u0641\u0627\u0628\u0631\u064a\u0643\u0627.jpg 2048w\" sizes=\"auto, (max-width: 800px) 100vw, 800px\" \/>\t\t\t\t\t\t\t\t<\/a>\n\t\t\t\t\t\t\t\t\t\t\t<figcaption class=\"widget-image-caption wp-caption-text\">05 \u062c\u0648\u0627\u0646 2019 - \u0633\u064a\u0646\u064a \u0641\u0627\u0628\u0631\u064a\u0643\u0627<\/figcaption>\n\t\t\t\t\t\t\t\t\t\t<\/figure>\n\t\t\t\t\t<\/div>\n\t\t\t\t<\/div>\n\t\t\t\t<\/div>\n\t\t\t\t\t\t<\/div>\n\t\t\t<\/div>\n\t\t<\/div>\n\t\t\t\t<div class=\"elementor-element elementor-element-20c83aa bg-column elementor-column elementor-col-50 elementor-top-column\" data-id=\"20c83aa\" data-element_type=\"column\">\n\t\t\t<div class=\"elementor-column-wrap  elementor-element-populated\">\n\t\t\t\t\t<div class=\"elementor-widget-wrap\">\n\t\t\t\t<div class=\"elementor-element elementor-element-4541bba elementor-widget elementor-widget-image\" data-id=\"4541bba\" data-element_type=\"widget\" data-widget_type=\"image.default\">\n\t\t\t\t<div class=\"elementor-widget-container\">\n\t\t\t\t\t<div class=\"elementor-image\">\n\t\t\t\t\t\t\t<figure class=\"wp-caption\">\n\t\t\t\t\t\t\t\t\t\t\t<a href=\"https:\/\/www.naasnetwork.org\/ar\/content\/%D9%85%D8%B4%D8%AA%D8%B1%D9%83-%D9%86%D8%A7%D8%B3%D8%8C-%D8%A7%D9%84%D8%AC%D8%A7%D9%85%D8%B9%D8%A9-%D8%A7%D9%84%D8%AA%D9%88%D9%86%D8%B3%D9%8A%D8%A9-%D9%84%D9%86%D9%88%D8%A7%D8%AF%D9%8A-%D8%A7%D9%84%D8%B3%D9%8A%D9%86%D9%85%D8%A7%D8%8C-%D8%AA%D8%B7%D9%84%D9%82-%D8%A8%D8%B1%D9%86%D8%A7%D9%85%D8%AC%D9%87%D8%A7-%D8%A7%D9%84%D8%AC%D8%AF%D9%8A%D8%AF-lab-49%D8%8C-%D8%A3%D9%88%D9%84-%D8%AD%D8%A7%D8%B6%D9%86%D8%A9\" target=\"_blank\">\n\t\t\t\t\t\t\t<img loading=\"lazy\" decoding=\"async\" width=\"800\" height=\"450\" src=\"https:\/\/www.ftcc.tn\/wp-content\/uploads\/2020\/08\/\u062d\u0627\u0636\u0646\u0629-\u0627\u0644\u0645\u0647\u0631\u062c\u0627\u0646\u0627\u062a-\u0627\u0644\u0633\u064a\u0646\u0645\u0627\u0626\u064a\u064e\u0629-1024x576.jpg\" class=\"attachment-large size-large\" alt=\"\" srcset=\"https:\/\/www.ftcc.tn\/wp-content\/uploads\/2020\/08\/\u062d\u0627\u0636\u0646\u0629-\u0627\u0644\u0645\u0647\u0631\u062c\u0627\u0646\u0627\u062a-\u0627\u0644\u0633\u064a\u0646\u0645\u0627\u0626\u064a\u064e\u0629-1024x576.jpg 1024w, https:\/\/www.ftcc.tn\/wp-content\/uploads\/2020\/08\/\u062d\u0627\u0636\u0646\u0629-\u0627\u0644\u0645\u0647\u0631\u062c\u0627\u0646\u0627\u062a-\u0627\u0644\u0633\u064a\u0646\u0645\u0627\u0626\u064a\u064e\u0629-300x169.jpg 300w, https:\/\/www.ftcc.tn\/wp-content\/uploads\/2020\/08\/\u062d\u0627\u0636\u0646\u0629-\u0627\u0644\u0645\u0647\u0631\u062c\u0627\u0646\u0627\u062a-\u0627\u0644\u0633\u064a\u0646\u0645\u0627\u0626\u064a\u064e\u0629-768x432.jpg 768w, https:\/\/www.ftcc.tn\/wp-content\/uploads\/2020\/08\/\u062d\u0627\u0636\u0646\u0629-\u0627\u0644\u0645\u0647\u0631\u062c\u0627\u0646\u0627\u062a-\u0627\u0644\u0633\u064a\u0646\u0645\u0627\u0626\u064a\u064e\u0629-1536x864.jpg 1536w, https:\/\/www.ftcc.tn\/wp-content\/uploads\/2020\/08\/\u062d\u0627\u0636\u0646\u0629-\u0627\u0644\u0645\u0647\u0631\u062c\u0627\u0646\u0627\u062a-\u0627\u0644\u0633\u064a\u0646\u0645\u0627\u0626\u064a\u064e\u0629.jpg 1920w\" sizes=\"auto, (max-width: 800px) 100vw, 800px\" \/>\t\t\t\t\t\t\t\t<\/a>\n\t\t\t\t\t\t\t\t\t\t\t<figcaption class=\"widget-image-caption wp-caption-text\">19 \u0623\u0641\u0631\u064a\u0644 2019 - \u062d\u0627\u0636\u0646\u0629 \u0627\u0644\u0645\u0647\u0631\u062c\u0627\u0646\u0627\u062a \u0627\u0644\u0633\u064a\u0646\u0645\u0627\u0626\u064a\u064e\u0629<\/figcaption>\n\t\t\t\t\t\t\t\t\t\t<\/figure>\n\t\t\t\t\t<\/div>\n\t\t\t\t<\/div>\n\t\t\t\t<\/div>\n\t\t\t\t\t\t<\/div>\n\t\t\t<\/div>\n\t\t<\/div>\n\t\t\t\t\t\t<\/div>\n\t\t\t<\/div>\n\t\t<\/section>\n\t\t\t\t\t\t<\/div>\n\t\t\t<\/div>\n\t\t<\/div>\n\t\t","protected":false},"excerpt":{"rendered":"<p>05 \u062c\u0648\u0627\u0646 2019 &#8211; \u0633\u064a\u0646\u064a \u0641\u0627\u0628\u0631\u064a\u0643\u0627 19 \u0623\u0641\u0631\u064a\u0644 2019 &#8211; \u062d\u0627\u0636\u0646\u0629 \u0627\u0644\u0645\u0647\u0631\u062c\u0627\u0646\u0627\u062a \u0627\u0644\u0633\u064a\u0646\u0645\u0627\u0626\u064a\u064e\u0629<\/p>\n","protected":false},"author":1,"featured_media":0,"parent":0,"menu_order":0,"comment_status":"closed","ping_status":"closed","template":"template\/full-width-template.php","meta":{"footnotes":""},"class_list":["post-6344","page","type-page","status-publish","hentry"],"yoast_head":"<!-- This site is optimized with the Yoast SEO plugin v26.9 - https:\/\/yoast.com\/product\/yoast-seo-wordpress\/ -->\n<title>\u0627\u0644\u0628\u0644\u0627\u063a\u0627\u062a \u0627\u0644\u0635\u062d\u0641\u064a\u0629 - La F\u00e9d\u00e9ration Tunisienne des Cin\u00e9-Clubs<\/title>\n<meta name=\"robots\" content=\"index, follow, max-snippet:-1, max-image-preview:large, max-video-preview:-1\" \/>\n<link rel=\"canonical\" href=\"https:\/\/www.ftcc.tn\/ar\/\u0627\u0644\u0628\u0644\u0627\u063a\u0627\u062a-\u0627\u0644\u0635\u062d\u0641\u064a\u0629\/\" \/>\n<meta property=\"og:locale\" content=\"ar_AR\" \/>\n<meta property=\"og:type\" content=\"article\" \/>\n<meta property=\"og:title\" content=\"\u0627\u0644\u0628\u0644\u0627\u063a\u0627\u062a \u0627\u0644\u0635\u062d\u0641\u064a\u0629 - La F\u00e9d\u00e9ration Tunisienne des Cin\u00e9-Clubs\" \/>\n<meta property=\"og:description\" content=\"05 \u062c\u0648\u0627\u0646 2019 &#8211; \u0633\u064a\u0646\u064a \u0641\u0627\u0628\u0631\u064a\u0643\u0627 19 \u0623\u0641\u0631\u064a\u0644 2019 &#8211; \u062d\u0627\u0636\u0646\u0629 \u0627\u0644\u0645\u0647\u0631\u062c\u0627\u0646\u0627\u062a \u0627\u0644\u0633\u064a\u0646\u0645\u0627\u0626\u064a\u064e\u0629\" \/>\n<meta property=\"og:url\" content=\"https:\/\/www.ftcc.tn\/ar\/\u0627\u0644\u0628\u0644\u0627\u063a\u0627\u062a-\u0627\u0644\u0635\u062d\u0641\u064a\u0629\/\" \/>\n<meta property=\"og:site_name\" content=\"La F\u00e9d\u00e9ration Tunisienne des Cin\u00e9-Clubs\" \/>\n<meta property=\"article:publisher\" content=\"https:\/\/www.facebook.com\/FTCCTunisie\" \/>\n<meta property=\"article:modified_time\" content=\"2020-08-18T07:38:14+00:00\" \/>\n<meta name=\"twitter:card\" content=\"summary_large_image\" \/>\n<script type=\"application\/ld+json\" class=\"yoast-schema-graph\">{\"@context\":\"https:\/\/schema.org\",\"@graph\":[{\"@type\":\"WebPage\",\"@id\":\"https:\/\/www.ftcc.tn\/ar\/%d8%a7%d9%84%d8%a8%d9%84%d8%a7%d8%ba%d8%a7%d8%aa-%d8%a7%d9%84%d8%b5%d8%ad%d9%81%d9%8a%d8%a9\/\",\"url\":\"https:\/\/www.ftcc.tn\/ar\/%d8%a7%d9%84%d8%a8%d9%84%d8%a7%d8%ba%d8%a7%d8%aa-%d8%a7%d9%84%d8%b5%d8%ad%d9%81%d9%8a%d8%a9\/\",\"name\":\"\u0627\u0644\u0628\u0644\u0627\u063a\u0627\u062a \u0627\u0644\u0635\u062d\u0641\u064a\u0629 - La F\u00e9d\u00e9ration Tunisienne des Cin\u00e9-Clubs\",\"isPartOf\":{\"@id\":\"https:\/\/www.ftcc.tn\/#website\"},\"datePublished\":\"2020-08-18T07:14:12+00:00\",\"dateModified\":\"2020-08-18T07:38:14+00:00\",\"breadcrumb\":{\"@id\":\"https:\/\/www.ftcc.tn\/ar\/%d8%a7%d9%84%d8%a8%d9%84%d8%a7%d8%ba%d8%a7%d8%aa-%d8%a7%d9%84%d8%b5%d8%ad%d9%81%d9%8a%d8%a9\/#breadcrumb\"},\"inLanguage\":\"ar\",\"potentialAction\":[{\"@type\":\"ReadAction\",\"target\":[\"https:\/\/www.ftcc.tn\/ar\/%d8%a7%d9%84%d8%a8%d9%84%d8%a7%d8%ba%d8%a7%d8%aa-%d8%a7%d9%84%d8%b5%d8%ad%d9%81%d9%8a%d8%a9\/\"]}]},{\"@type\":\"BreadcrumbList\",\"@id\":\"https:\/\/www.ftcc.tn\/ar\/%d8%a7%d9%84%d8%a8%d9%84%d8%a7%d8%ba%d8%a7%d8%aa-%d8%a7%d9%84%d8%b5%d8%ad%d9%81%d9%8a%d8%a9\/#breadcrumb\",\"itemListElement\":[{\"@type\":\"ListItem\",\"position\":1,\"name\":\"Home\",\"item\":\"https:\/\/www.ftcc.tn\/\"},{\"@type\":\"ListItem\",\"position\":2,\"name\":\"\u0627\u0644\u0628\u0644\u0627\u063a\u0627\u062a \u0627\u0644\u0635\u062d\u0641\u064a\u0629\"}]},{\"@type\":\"WebSite\",\"@id\":\"https:\/\/www.ftcc.tn\/#website\",\"url\":\"https:\/\/www.ftcc.tn\/\",\"name\":\"La F\u00e9d\u00e9ration Tunisienne des Cin\u00e9-Clubs\",\"description\":\"Le cin\u00e9ma, autrement.\",\"publisher\":{\"@id\":\"https:\/\/www.ftcc.tn\/#organization\"},\"potentialAction\":[{\"@type\":\"SearchAction\",\"target\":{\"@type\":\"EntryPoint\",\"urlTemplate\":\"https:\/\/www.ftcc.tn\/?s={search_term_string}\"},\"query-input\":{\"@type\":\"PropertyValueSpecification\",\"valueRequired\":true,\"valueName\":\"search_term_string\"}}],\"inLanguage\":\"ar\"},{\"@type\":\"Organization\",\"@id\":\"https:\/\/www.ftcc.tn\/#organization\",\"name\":\"F\u00e9d\u00e9ration Tunisienne des Cin\u00e9-Clubs\",\"url\":\"https:\/\/www.ftcc.tn\/\",\"logo\":{\"@type\":\"ImageObject\",\"inLanguage\":\"ar\",\"@id\":\"https:\/\/www.ftcc.tn\/#\/schema\/logo\/image\/\",\"url\":\"https:\/\/www.ftcc.tn\/wp-content\/uploads\/2019\/06\/footer-logo.png\",\"contentUrl\":\"https:\/\/www.ftcc.tn\/wp-content\/uploads\/2019\/06\/footer-logo.png\",\"width\":108,\"height\":170,\"caption\":\"F\u00e9d\u00e9ration Tunisienne des Cin\u00e9-Clubs\"},\"image\":{\"@id\":\"https:\/\/www.ftcc.tn\/#\/schema\/logo\/image\/\"},\"sameAs\":[\"https:\/\/www.facebook.com\/FTCCTunisie\"]}]}<\/script>\n<!-- \/ Yoast SEO plugin. -->","yoast_head_json":{"title":"\u0627\u0644\u0628\u0644\u0627\u063a\u0627\u062a \u0627\u0644\u0635\u062d\u0641\u064a\u0629 - La F\u00e9d\u00e9ration Tunisienne des Cin\u00e9-Clubs","robots":{"index":"index","follow":"follow","max-snippet":"max-snippet:-1","max-image-preview":"max-image-preview:large","max-video-preview":"max-video-preview:-1"},"canonical":"https:\/\/www.ftcc.tn\/ar\/\u0627\u0644\u0628\u0644\u0627\u063a\u0627\u062a-\u0627\u0644\u0635\u062d\u0641\u064a\u0629\/","og_locale":"ar_AR","og_type":"article","og_title":"\u0627\u0644\u0628\u0644\u0627\u063a\u0627\u062a \u0627\u0644\u0635\u062d\u0641\u064a\u0629 - La F\u00e9d\u00e9ration Tunisienne des Cin\u00e9-Clubs","og_description":"05 \u062c\u0648\u0627\u0646 2019 &#8211; \u0633\u064a\u0646\u064a \u0641\u0627\u0628\u0631\u064a\u0643\u0627 19 \u0623\u0641\u0631\u064a\u0644 2019 &#8211; \u062d\u0627\u0636\u0646\u0629 \u0627\u0644\u0645\u0647\u0631\u062c\u0627\u0646\u0627\u062a \u0627\u0644\u0633\u064a\u0646\u0645\u0627\u0626\u064a\u064e\u0629","og_url":"https:\/\/www.ftcc.tn\/ar\/\u0627\u0644\u0628\u0644\u0627\u063a\u0627\u062a-\u0627\u0644\u0635\u062d\u0641\u064a\u0629\/","og_site_name":"La F\u00e9d\u00e9ration Tunisienne des Cin\u00e9-Clubs","article_publisher":"https:\/\/www.facebook.com\/FTCCTunisie","article_modified_time":"2020-08-18T07:38:14+00:00","twitter_card":"summary_large_image","schema":{"@context":"https:\/\/schema.org","@graph":[{"@type":"WebPage","@id":"https:\/\/www.ftcc.tn\/ar\/%d8%a7%d9%84%d8%a8%d9%84%d8%a7%d8%ba%d8%a7%d8%aa-%d8%a7%d9%84%d8%b5%d8%ad%d9%81%d9%8a%d8%a9\/","url":"https:\/\/www.ftcc.tn\/ar\/%d8%a7%d9%84%d8%a8%d9%84%d8%a7%d8%ba%d8%a7%d8%aa-%d8%a7%d9%84%d8%b5%d8%ad%d9%81%d9%8a%d8%a9\/","name":"\u0627\u0644\u0628\u0644\u0627\u063a\u0627\u062a \u0627\u0644\u0635\u062d\u0641\u064a\u0629 - La F\u00e9d\u00e9ration Tunisienne des Cin\u00e9-Clubs","isPartOf":{"@id":"https:\/\/www.ftcc.tn\/#website"},"datePublished":"2020-08-18T07:14:12+00:00","dateModified":"2020-08-18T07:38:14+00:00","breadcrumb":{"@id":"https:\/\/www.ftcc.tn\/ar\/%d8%a7%d9%84%d8%a8%d9%84%d8%a7%d8%ba%d8%a7%d8%aa-%d8%a7%d9%84%d8%b5%d8%ad%d9%81%d9%8a%d8%a9\/#breadcrumb"},"inLanguage":"ar","potentialAction":[{"@type":"ReadAction","target":["https:\/\/www.ftcc.tn\/ar\/%d8%a7%d9%84%d8%a8%d9%84%d8%a7%d8%ba%d8%a7%d8%aa-%d8%a7%d9%84%d8%b5%d8%ad%d9%81%d9%8a%d8%a9\/"]}]},{"@type":"BreadcrumbList","@id":"https:\/\/www.ftcc.tn\/ar\/%d8%a7%d9%84%d8%a8%d9%84%d8%a7%d8%ba%d8%a7%d8%aa-%d8%a7%d9%84%d8%b5%d8%ad%d9%81%d9%8a%d8%a9\/#breadcrumb","itemListElement":[{"@type":"ListItem","position":1,"name":"Home","item":"https:\/\/www.ftcc.tn\/"},{"@type":"ListItem","position":2,"name":"\u0627\u0644\u0628\u0644\u0627\u063a\u0627\u062a \u0627\u0644\u0635\u062d\u0641\u064a\u0629"}]},{"@type":"WebSite","@id":"https:\/\/www.ftcc.tn\/#website","url":"https:\/\/www.ftcc.tn\/","name":"La F\u00e9d\u00e9ration Tunisienne des Cin\u00e9-Clubs","description":"Le cin\u00e9ma, autrement.","publisher":{"@id":"https:\/\/www.ftcc.tn\/#organization"},"potentialAction":[{"@type":"SearchAction","target":{"@type":"EntryPoint","urlTemplate":"https:\/\/www.ftcc.tn\/?s={search_term_string}"},"query-input":{"@type":"PropertyValueSpecification","valueRequired":true,"valueName":"search_term_string"}}],"inLanguage":"ar"},{"@type":"Organization","@id":"https:\/\/www.ftcc.tn\/#organization","name":"F\u00e9d\u00e9ration Tunisienne des Cin\u00e9-Clubs","url":"https:\/\/www.ftcc.tn\/","logo":{"@type":"ImageObject","inLanguage":"ar","@id":"https:\/\/www.ftcc.tn\/#\/schema\/logo\/image\/","url":"https:\/\/www.ftcc.tn\/wp-content\/uploads\/2019\/06\/footer-logo.png","contentUrl":"https:\/\/www.ftcc.tn\/wp-content\/uploads\/2019\/06\/footer-logo.png","width":108,"height":170,"caption":"F\u00e9d\u00e9ration Tunisienne des Cin\u00e9-Clubs"},"image":{"@id":"https:\/\/www.ftcc.tn\/#\/schema\/logo\/image\/"},"sameAs":["https:\/\/www.facebook.com\/FTCCTunisie"]}]}},"_links":{"self":[{"href":"https:\/\/www.ftcc.tn\/ar\/wp-json\/wp\/v2\/pages\/6344","targetHints":{"allow":["GET"]}}],"collection":[{"href":"https:\/\/www.ftcc.tn\/ar\/wp-json\/wp\/v2\/pages"}],"about":[{"href":"https:\/\/www.ftcc.tn\/ar\/wp-json\/wp\/v2\/types\/page"}],"author":[{"embeddable":true,"href":"https:\/\/www.ftcc.tn\/ar\/wp-json\/wp\/v2\/users\/1"}],"replies":[{"embeddable":true,"href":"https:\/\/www.ftcc.tn\/ar\/wp-json\/wp\/v2\/comments?post=6344"}],"version-history":[{"count":5,"href":"https:\/\/www.ftcc.tn\/ar\/wp-json\/wp\/v2\/pages\/6344\/revisions"}],"predecessor-version":[{"id":6516,"href":"https:\/\/www.ftcc.tn\/ar\/wp-json\/wp\/v2\/pages\/6344\/revisions\/6516"}],"wp:attachment":[{"href":"https:\/\/www.ftcc.tn\/ar\/wp-json\/wp\/v2\/media?parent=6344"}],"curies":[{"name":"wp","href":"https:\/\/api.w.org\/{rel}","templated":true}]}}