{"id":6458,"date":"2020-08-06T13:44:23","date_gmt":"2020-08-06T11:44:23","guid":{"rendered":"http:\/\/ftcc.novatis.org\/agenda\/"},"modified":"2024-11-15T18:46:09","modified_gmt":"2024-11-15T17:46:09","slug":"%d8%a7%d9%84%d8%a3%d8%ac%d9%86%d8%af%d8%a9","status":"publish","type":"page","link":"https:\/\/www.ftcc.tn\/ar\/%d8%a7%d9%84%d8%a3%d8%ac%d9%86%d8%af%d8%a9\/","title":{"rendered":"\u0627\u0644\u0623\u062c\u0646\u062f\u0629"},"content":{"rendered":"\t\t<div data-elementor-type=\"wp-page\" data-elementor-id=\"6458\" class=\"elementor elementor-6458 elementor-6077\" data-elementor-settings=\"[]\">\n\t\t\t<div class=\"elementor-inner\">\n\t\t\t\t<div class=\"elementor-section-wrap\">\n\t\t\t\t\t\t\t<section class=\"elementor-element elementor-element-910698a elementor-section-boxed elementor-section-height-default elementor-section-height-default elementor-section elementor-top-section\" data-id=\"910698a\" data-element_type=\"section\">\n\t\t\t\t\t\t<div class=\"elementor-container elementor-column-gap-default\">\n\t\t\t\t<div class=\"elementor-row\">\n\t\t\t\t<div class=\"elementor-element elementor-element-4bf31e6 elementor-column elementor-col-100 elementor-top-column\" data-id=\"4bf31e6\" data-element_type=\"column\">\n\t\t\t<div class=\"elementor-column-wrap  elementor-element-populated\">\n\t\t\t\t\t<div class=\"elementor-widget-wrap\">\n\t\t\t\t<div class=\"elementor-element elementor-element-d3d1b01 elementor-widget elementor-widget-elementskit-blog-posts\" data-id=\"d3d1b01\" data-element_type=\"widget\" data-widget_type=\"elementskit-blog-posts.default\">\n\t\t\t\t<div class=\"elementor-widget-container\">\n\t\t\t<div class=\"ekit-wid-con\" >        <div class=\"row\">\n                <\/div>\n       <\/div>\t\t<\/div>\n\t\t\t\t<\/div>\n\t\t\t\t\t\t<\/div>\n\t\t\t<\/div>\n\t\t<\/div>\n\t\t\t\t\t\t<\/div>\n\t\t\t<\/div>\n\t\t<\/section>\n\t\t\t\t\t\t<\/div>\n\t\t\t<\/div>\n\t\t<\/div>\n\t\t","protected":false},"excerpt":{"rendered":"","protected":false},"author":1,"featured_media":0,"parent":0,"menu_order":0,"comment_status":"closed","ping_status":"closed","template":"template\/full-width-template.php","meta":{"footnotes":""},"class_list":["post-6458","page","type-page","status-publish","hentry"],"yoast_head":"<!-- This site is optimized with the Yoast SEO plugin v26.9 - https:\/\/yoast.com\/product\/yoast-seo-wordpress\/ -->\n<title>\u0627\u0644\u0623\u062c\u0646\u062f\u0629 - La F\u00e9d\u00e9ration Tunisienne des Cin\u00e9-Clubs<\/title>\n<meta name=\"robots\" content=\"index, follow, max-snippet:-1, max-image-preview:large, max-video-preview:-1\" \/>\n<link rel=\"canonical\" href=\"https:\/\/www.ftcc.tn\/ar\/\u0627\u0644\u0623\u062c\u0646\u062f\u0629\/\" \/>\n<meta property=\"og:locale\" content=\"ar_AR\" \/>\n<meta property=\"og:type\" content=\"article\" \/>\n<meta property=\"og:title\" content=\"\u0627\u0644\u0623\u062c\u0646\u062f\u0629 - La F\u00e9d\u00e9ration Tunisienne des Cin\u00e9-Clubs\" \/>\n<meta property=\"og:url\" content=\"https:\/\/www.ftcc.tn\/ar\/\u0627\u0644\u0623\u062c\u0646\u062f\u0629\/\" \/>\n<meta property=\"og:site_name\" content=\"La F\u00e9d\u00e9ration Tunisienne des Cin\u00e9-Clubs\" \/>\n<meta property=\"article:publisher\" content=\"https:\/\/www.facebook.com\/FTCCTunisie\" \/>\n<meta property=\"article:modified_time\" content=\"2024-11-15T17:46:09+00:00\" \/>\n<meta name=\"twitter:card\" content=\"summary_large_image\" \/>\n<script type=\"application\/ld+json\" class=\"yoast-schema-graph\">{\"@context\":\"https:\/\/schema.org\",\"@graph\":[{\"@type\":\"WebPage\",\"@id\":\"https:\/\/www.ftcc.tn\/ar\/%d8%a7%d9%84%d8%a3%d8%ac%d9%86%d8%af%d8%a9\/\",\"url\":\"https:\/\/www.ftcc.tn\/ar\/%d8%a7%d9%84%d8%a3%d8%ac%d9%86%d8%af%d8%a9\/\",\"name\":\"\u0627\u0644\u0623\u062c\u0646\u062f\u0629 - La F\u00e9d\u00e9ration Tunisienne des Cin\u00e9-Clubs\",\"isPartOf\":{\"@id\":\"https:\/\/www.ftcc.tn\/#website\"},\"datePublished\":\"2020-08-06T11:44:23+00:00\",\"dateModified\":\"2024-11-15T17:46:09+00:00\",\"breadcrumb\":{\"@id\":\"https:\/\/www.ftcc.tn\/ar\/%d8%a7%d9%84%d8%a3%d8%ac%d9%86%d8%af%d8%a9\/#breadcrumb\"},\"inLanguage\":\"ar\",\"potentialAction\":[{\"@type\":\"ReadAction\",\"target\":[\"https:\/\/www.ftcc.tn\/ar\/%d8%a7%d9%84%d8%a3%d8%ac%d9%86%d8%af%d8%a9\/\"]}]},{\"@type\":\"BreadcrumbList\",\"@id\":\"https:\/\/www.ftcc.tn\/ar\/%d8%a7%d9%84%d8%a3%d8%ac%d9%86%d8%af%d8%a9\/#breadcrumb\",\"itemListElement\":[{\"@type\":\"ListItem\",\"position\":1,\"name\":\"Home\",\"item\":\"https:\/\/www.ftcc.tn\/\"},{\"@type\":\"ListItem\",\"position\":2,\"name\":\"\u0627\u0644\u0623\u062c\u0646\u062f\u0629\"}]},{\"@type\":\"WebSite\",\"@id\":\"https:\/\/www.ftcc.tn\/#website\",\"url\":\"https:\/\/www.ftcc.tn\/\",\"name\":\"La F\u00e9d\u00e9ration Tunisienne des Cin\u00e9-Clubs\",\"description\":\"Le cin\u00e9ma, autrement.\",\"publisher\":{\"@id\":\"https:\/\/www.ftcc.tn\/#organization\"},\"potentialAction\":[{\"@type\":\"SearchAction\",\"target\":{\"@type\":\"EntryPoint\",\"urlTemplate\":\"https:\/\/www.ftcc.tn\/?s={search_term_string}\"},\"query-input\":{\"@type\":\"PropertyValueSpecification\",\"valueRequired\":true,\"valueName\":\"search_term_string\"}}],\"inLanguage\":\"ar\"},{\"@type\":\"Organization\",\"@id\":\"https:\/\/www.ftcc.tn\/#organization\",\"name\":\"F\u00e9d\u00e9ration Tunisienne des Cin\u00e9-Clubs\",\"url\":\"https:\/\/www.ftcc.tn\/\",\"logo\":{\"@type\":\"ImageObject\",\"inLanguage\":\"ar\",\"@id\":\"https:\/\/www.ftcc.tn\/#\/schema\/logo\/image\/\",\"url\":\"https:\/\/www.ftcc.tn\/wp-content\/uploads\/2019\/06\/footer-logo.png\",\"contentUrl\":\"https:\/\/www.ftcc.tn\/wp-content\/uploads\/2019\/06\/footer-logo.png\",\"width\":108,\"height\":170,\"caption\":\"F\u00e9d\u00e9ration Tunisienne des Cin\u00e9-Clubs\"},\"image\":{\"@id\":\"https:\/\/www.ftcc.tn\/#\/schema\/logo\/image\/\"},\"sameAs\":[\"https:\/\/www.facebook.com\/FTCCTunisie\"]}]}<\/script>\n<!-- \/ Yoast SEO plugin. -->","yoast_head_json":{"title":"\u0627\u0644\u0623\u062c\u0646\u062f\u0629 - La F\u00e9d\u00e9ration Tunisienne des Cin\u00e9-Clubs","robots":{"index":"index","follow":"follow","max-snippet":"max-snippet:-1","max-image-preview":"max-image-preview:large","max-video-preview":"max-video-preview:-1"},"canonical":"https:\/\/www.ftcc.tn\/ar\/\u0627\u0644\u0623\u062c\u0646\u062f\u0629\/","og_locale":"ar_AR","og_type":"article","og_title":"\u0627\u0644\u0623\u062c\u0646\u062f\u0629 - La F\u00e9d\u00e9ration Tunisienne des Cin\u00e9-Clubs","og_url":"https:\/\/www.ftcc.tn\/ar\/\u0627\u0644\u0623\u062c\u0646\u062f\u0629\/","og_site_name":"La F\u00e9d\u00e9ration Tunisienne des Cin\u00e9-Clubs","article_publisher":"https:\/\/www.facebook.com\/FTCCTunisie","article_modified_time":"2024-11-15T17:46:09+00:00","twitter_card":"summary_large_image","schema":{"@context":"https:\/\/schema.org","@graph":[{"@type":"WebPage","@id":"https:\/\/www.ftcc.tn\/ar\/%d8%a7%d9%84%d8%a3%d8%ac%d9%86%d8%af%d8%a9\/","url":"https:\/\/www.ftcc.tn\/ar\/%d8%a7%d9%84%d8%a3%d8%ac%d9%86%d8%af%d8%a9\/","name":"\u0627\u0644\u0623\u062c\u0646\u062f\u0629 - La F\u00e9d\u00e9ration Tunisienne des Cin\u00e9-Clubs","isPartOf":{"@id":"https:\/\/www.ftcc.tn\/#website"},"datePublished":"2020-08-06T11:44:23+00:00","dateModified":"2024-11-15T17:46:09+00:00","breadcrumb":{"@id":"https:\/\/www.ftcc.tn\/ar\/%d8%a7%d9%84%d8%a3%d8%ac%d9%86%d8%af%d8%a9\/#breadcrumb"},"inLanguage":"ar","potentialAction":[{"@type":"ReadAction","target":["https:\/\/www.ftcc.tn\/ar\/%d8%a7%d9%84%d8%a3%d8%ac%d9%86%d8%af%d8%a9\/"]}]},{"@type":"BreadcrumbList","@id":"https:\/\/www.ftcc.tn\/ar\/%d8%a7%d9%84%d8%a3%d8%ac%d9%86%d8%af%d8%a9\/#breadcrumb","itemListElement":[{"@type":"ListItem","position":1,"name":"Home","item":"https:\/\/www.ftcc.tn\/"},{"@type":"ListItem","position":2,"name":"\u0627\u0644\u0623\u062c\u0646\u062f\u0629"}]},{"@type":"WebSite","@id":"https:\/\/www.ftcc.tn\/#website","url":"https:\/\/www.ftcc.tn\/","name":"La F\u00e9d\u00e9ration Tunisienne des Cin\u00e9-Clubs","description":"Le cin\u00e9ma, autrement.","publisher":{"@id":"https:\/\/www.ftcc.tn\/#organization"},"potentialAction":[{"@type":"SearchAction","target":{"@type":"EntryPoint","urlTemplate":"https:\/\/www.ftcc.tn\/?s={search_term_string}"},"query-input":{"@type":"PropertyValueSpecification","valueRequired":true,"valueName":"search_term_string"}}],"inLanguage":"ar"},{"@type":"Organization","@id":"https:\/\/www.ftcc.tn\/#organization","name":"F\u00e9d\u00e9ration Tunisienne des Cin\u00e9-Clubs","url":"https:\/\/www.ftcc.tn\/","logo":{"@type":"ImageObject","inLanguage":"ar","@id":"https:\/\/www.ftcc.tn\/#\/schema\/logo\/image\/","url":"https:\/\/www.ftcc.tn\/wp-content\/uploads\/2019\/06\/footer-logo.png","contentUrl":"https:\/\/www.ftcc.tn\/wp-content\/uploads\/2019\/06\/footer-logo.png","width":108,"height":170,"caption":"F\u00e9d\u00e9ration Tunisienne des Cin\u00e9-Clubs"},"image":{"@id":"https:\/\/www.ftcc.tn\/#\/schema\/logo\/image\/"},"sameAs":["https:\/\/www.facebook.com\/FTCCTunisie"]}]}},"_links":{"self":[{"href":"https:\/\/www.ftcc.tn\/ar\/wp-json\/wp\/v2\/pages\/6458","targetHints":{"allow":["GET"]}}],"collection":[{"href":"https:\/\/www.ftcc.tn\/ar\/wp-json\/wp\/v2\/pages"}],"about":[{"href":"https:\/\/www.ftcc.tn\/ar\/wp-json\/wp\/v2\/types\/page"}],"author":[{"embeddable":true,"href":"https:\/\/www.ftcc.tn\/ar\/wp-json\/wp\/v2\/users\/1"}],"replies":[{"embeddable":true,"href":"https:\/\/www.ftcc.tn\/ar\/wp-json\/wp\/v2\/comments?post=6458"}],"version-history":[{"count":6,"href":"https:\/\/www.ftcc.tn\/ar\/wp-json\/wp\/v2\/pages\/6458\/revisions"}],"predecessor-version":[{"id":6746,"href":"https:\/\/www.ftcc.tn\/ar\/wp-json\/wp\/v2\/pages\/6458\/revisions\/6746"}],"wp:attachment":[{"href":"https:\/\/www.ftcc.tn\/ar\/wp-json\/wp\/v2\/media?parent=6458"}],"curies":[{"name":"wp","href":"https:\/\/api.w.org\/{rel}","templated":true}]}}