{"id":7805,"date":"2026-01-29T09:43:22","date_gmt":"2026-01-29T08:43:22","guid":{"rendered":"https:\/\/www.ftcc.tn\/%d8%a7%d9%84%d8%af%d9%88%d8%b1%d8%a9-%d8%a7%d9%84%d8%a7%d9%88%d9%84%d9%89\/"},"modified":"2026-01-29T09:45:12","modified_gmt":"2026-01-29T08:45:12","slug":"%d8%a7%d9%84%d8%af%d9%88%d8%b1%d8%a9-%d8%a7%d9%84%d8%a7%d9%88%d9%84%d9%89","status":"publish","type":"page","link":"https:\/\/www.ftcc.tn\/ar\/%d8%a7%d9%84%d8%af%d9%88%d8%b1%d8%a9-%d8%a7%d9%84%d8%a7%d9%88%d9%84%d9%89\/","title":{"rendered":"\u0627\u0644\u062f\u0648\u0631\u0629 \u0627\u0644\u0627\u0648\u0644\u0649"},"content":{"rendered":"\t\t<div data-elementor-type=\"wp-page\" data-elementor-id=\"7805\" class=\"elementor elementor-7805 elementor-7801\" data-elementor-settings=\"[]\">\n\t\t\t<div class=\"elementor-inner\">\n\t\t\t\t<div class=\"elementor-section-wrap\">\n\t\t\t\t\t\t\t<section class=\"elementor-element elementor-element-97bdc8c elementor-section-stretched elementor-section-full_width elementor-section-height-default elementor-section-height-default elementor-section elementor-top-section\" data-id=\"97bdc8c\" data-element_type=\"section\" data-settings=\"{&quot;stretch_section&quot;:&quot;section-stretched&quot;,&quot;background_background&quot;:&quot;classic&quot;}\">\n\t\t\t\t\t\t\t<div class=\"elementor-background-overlay\"><\/div>\n\t\t\t\t\t\t\t<div class=\"elementor-container elementor-column-gap-default\">\n\t\t\t\t<div class=\"elementor-row\">\n\t\t\t\t<div class=\"elementor-element elementor-element-b258fab elementor-column elementor-col-100 elementor-top-column\" data-id=\"b258fab\" data-element_type=\"column\">\n\t\t\t<div class=\"elementor-column-wrap  elementor-element-populated\">\n\t\t\t\t\t<div class=\"elementor-widget-wrap\">\n\t\t\t\t<div class=\"elementor-element elementor-element-20bb7cb elementor-widget elementor-widget-spacer\" data-id=\"20bb7cb\" data-element_type=\"widget\" data-widget_type=\"spacer.default\">\n\t\t\t\t<div class=\"elementor-widget-container\">\n\t\t\t\t\t<div class=\"elementor-spacer\">\n\t\t\t<div class=\"elementor-spacer-inner\"><\/div>\n\t\t<\/div>\n\t\t\t\t<\/div>\n\t\t\t\t<\/div>\n\t\t\t\t<div class=\"elementor-element elementor-element-0a3c28c elementor-widget elementor-widget-heading\" data-id=\"0a3c28c\" data-element_type=\"widget\" data-widget_type=\"heading.default\">\n\t\t\t\t<div class=\"elementor-widget-container\">\n\t\t\t<h1 class=\"elementor-heading-title elementor-size-default\">\u0628\u0639\u064a\u0648\u0646\u0647\u0646 - \u0627\u0644\u062f\u0648\u0631\u0629 \u0627\u0644\u0627\u0648\u0644\u0649<br>2017<\/h1>\t\t<\/div>\n\t\t\t\t<\/div>\n\t\t\t\t<div class=\"elementor-element elementor-element-ba97d46 elementor-widget elementor-widget-spacer\" data-id=\"ba97d46\" data-element_type=\"widget\" data-widget_type=\"spacer.default\">\n\t\t\t\t<div class=\"elementor-widget-container\">\n\t\t\t\t\t<div class=\"elementor-spacer\">\n\t\t\t<div class=\"elementor-spacer-inner\"><\/div>\n\t\t<\/div>\n\t\t\t\t<\/div>\n\t\t\t\t<\/div>\n\t\t\t\t\t\t<\/div>\n\t\t\t<\/div>\n\t\t<\/div>\n\t\t\t\t\t\t<\/div>\n\t\t\t<\/div>\n\t\t<\/section>\n\t\t\t\t<section class=\"elementor-element elementor-element-e0234c2 elementor-section-boxed elementor-section-height-default elementor-section-height-default elementor-section elementor-top-section\" data-id=\"e0234c2\" data-element_type=\"section\">\n\t\t\t\t\t\t<div class=\"elementor-container elementor-column-gap-default\">\n\t\t\t\t<div class=\"elementor-row\">\n\t\t\t\t<div class=\"elementor-element elementor-element-8d2216c elementor-column elementor-col-100 elementor-top-column\" data-id=\"8d2216c\" data-element_type=\"column\">\n\t\t\t<div class=\"elementor-column-wrap  elementor-element-populated\">\n\t\t\t\t\t<div class=\"elementor-widget-wrap\">\n\t\t\t\t<div class=\"elementor-element elementor-element-78c3966 elementor-widget elementor-widget-heading\" data-id=\"78c3966\" data-element_type=\"widget\" data-widget_type=\"heading.default\">\n\t\t\t\t<div class=\"elementor-widget-container\">\n\t\t\t<h2 class=\"elementor-heading-title elementor-size-default\">\u0623\u0648\u0644\u0627\u064b: \u0627\u0644\u0639\u0631\u0648\u0636 \u0627\u0644\u0633\u064a\u0646\u0645\u0627\u0626\u064a\u0629<\/h2>\t\t<\/div>\n\t\t\t\t<\/div>\n\t\t\t\t\t\t<\/div>\n\t\t\t<\/div>\n\t\t<\/div>\n\t\t\t\t\t\t<\/div>\n\t\t\t<\/div>\n\t\t<\/section>\n\t\t\t\t<section class=\"elementor-element elementor-element-a43afd0 elementor-section-boxed elementor-section-height-default elementor-section-height-default elementor-section elementor-top-section\" data-id=\"a43afd0\" data-element_type=\"section\">\n\t\t\t\t\t\t<div class=\"elementor-container elementor-column-gap-default\">\n\t\t\t\t<div class=\"elementor-row\">\n\t\t\t\t<div class=\"elementor-element elementor-element-f10ed5b elementor-column elementor-col-50 elementor-top-column\" data-id=\"f10ed5b\" data-element_type=\"column\">\n\t\t\t<div class=\"elementor-column-wrap  elementor-element-populated\">\n\t\t\t\t\t<div class=\"elementor-widget-wrap\">\n\t\t\t\t<div class=\"elementor-element elementor-element-61637a0 elementor-widget elementor-widget-text-editor\" data-id=\"61637a0\" data-element_type=\"widget\" data-widget_type=\"text-editor.default\">\n\t\t\t\t<div class=\"elementor-widget-container\">\n\t\t\t\t\t<div class=\"elementor-text-editor elementor-clearfix\"><h4><strong>\u0623\u0641\u0644\u0627\u0645 \u0642\u0635\u064a\u0631\u0629<\/strong><\/h4>\n<p>\u062c\u062f\u0631\u0627\u0646 \u062f\u0645\u0634\u0642 \u2013 \u0644\u064a\u0646\u0627 \u0645\u0631\u0627\u062f <\/p>\n<p>\u0627\u0644\u0635\u0646\u062f\u0648\u0642 \u2013 \u0645\u064a\u0631\u0641 \u062c\u064a\u0631\u064a\u0633 \u0623\u0648\u063a\u0644\u0648\u062c\u0648\u062a\u0648\u0631<\/p>\n<p>\u0639\u0637\u0631 \u0628\u063a\u062f\u0627\u062f \u2013 \u0631\u0624\u0649 \u0627\u0644\u0639\u0632\u0627\u0648\u064a<\/p>\n<p>\u0623\u0646\u0627 \u0644\u0627 \u0623\u062d\u0628\u0647\u0627 \u062d\u062a\u0649 \u2013 \u0643\u0631\u064a\u0633\u062a\u064a\u0644 \u0627\u0644\u0642\u064a\u0635\u0631<\/p>\n<p>\u062d\u0636\u0631\u0629 \u0633\u062c\u0646\u064a\u0629 \u2013 \u0647\u062f\u0649 \u0627\u0644\u062f\u0631\u064a\u062f\u064a<\/p>\n<p>\u0645\u0645\u0646\u0648\u0639 \u0627\u0644\u062d\u0628 \u2013 \u0645\u0631\u0648\u0629 \u0637\u064a\u0628\u0629<\/p>\n<p>\u062d\u064a\u0627\u062a\u064a \u0627\u0644\u062a\u064a \u0644\u0627 \u0623\u0631\u064a\u062f \u2013 \u0646\u064a\u0627\u0646 \u0643\u064a\u0627\u0644 \u0633\u0627\u064a<\/p>\n<\/div>\n\t\t\t\t<\/div>\n\t\t\t\t<\/div>\n\t\t\t\t\t\t<\/div>\n\t\t\t<\/div>\n\t\t<\/div>\n\t\t\t\t<div class=\"elementor-element elementor-element-5408ddc elementor-column elementor-col-50 elementor-top-column\" data-id=\"5408ddc\" data-element_type=\"column\">\n\t\t\t<div class=\"elementor-column-wrap  elementor-element-populated\">\n\t\t\t\t\t<div class=\"elementor-widget-wrap\">\n\t\t\t\t<div class=\"elementor-element elementor-element-5738344 elementor-widget elementor-widget-text-editor\" data-id=\"5738344\" data-element_type=\"widget\" data-widget_type=\"text-editor.default\">\n\t\t\t\t<div class=\"elementor-widget-container\">\n\t\t\t\t\t<div class=\"elementor-text-editor elementor-clearfix\"><h4>\u0623\u0641\u0644\u0627\u0645 \u0637\u0648\u064a\u0644\u0629<\/h4>\n<\/p>\n<p>\u0639\u0644\u0649 \u062d\u0644\u0629\u0639\u064a\u0646\u064a\u2013 \u0644\u064a\u0644\u0649 \u0628\u0648\u0632\u064a\u062f<\/p>\n<p>\u0633\u064a\u062f\u0629 \u0645\u0646\u062a\u062d\u062a \u0627\u0644\u0631\u0645\u0627\u062f \u2013 \u0633\u0645\u064a\u0629 \u0628\u0648\u0639\u0644\u0627\u06a8\u064a<\/p>\n<p>\u0623\u0645 \u063a\u0627\u064a\u0628 \u2013 \u0646\u0627\u062f\u064a\u0646 \u0635\u0644\u064a\u0628<\/p>\n<p>\u0631\u0648\u062d\u064a\u2013 \u062c\u064a\u0647\u0627\u0646 \u0634\u0639\u064a\u0628<\/p>\n<p>\u0634\u0637\u0631\u0645\u062d\u0628\u0629\u2013 \u0643\u0644\u062b\u0648\u0645 \u0628\u0631\u0646\u0627\u0632<\/p>\n<p>\u062e\u064a\u0648\u0637\u0627\u0644\u0633\u0631\u062f\u2013 \u0643\u0627\u0631\u0648\u0644 \u0645\u0646\u0635\u0648\u0631<\/p>\n<p>\u0641\u064a \u0639\u0645\u0631\u064a \u0645\u0627\u0632\u0627\u0644\u0646\u064a\u0646\u062a\u062e\u0628\u0649\u0628\u0627\u0634\u0646\u062a\u0643\u064a\u0641\u2013 \u0631\u064a\u062d\u0627\u0646\u0629<\/p>\n<p>\u0645\u062d\u0628\u0633 \u2013 \u0635\u0648\u0641\u064a \u0628\u0637\u0631\u0633<\/p>\n<\/div>\n\t\t\t\t<\/div>\n\t\t\t\t<\/div>\n\t\t\t\t\t\t<\/div>\n\t\t\t<\/div>\n\t\t<\/div>\n\t\t\t\t\t\t<\/div>\n\t\t\t<\/div>\n\t\t<\/section>\n\t\t\t\t<section class=\"elementor-element elementor-element-02fea4f bottom-edition elementor-section-boxed elementor-section-height-default elementor-section-height-default elementor-section elementor-top-section\" data-id=\"02fea4f\" data-element_type=\"section\">\n\t\t\t\t\t\t<div class=\"elementor-container elementor-column-gap-default\">\n\t\t\t\t<div class=\"elementor-row\">\n\t\t\t\t<div class=\"elementor-element elementor-element-b61b98f elementor-column elementor-col-100 elementor-top-column\" data-id=\"b61b98f\" data-element_type=\"column\">\n\t\t\t<div class=\"elementor-column-wrap  elementor-element-populated\">\n\t\t\t\t\t<div class=\"elementor-widget-wrap\">\n\t\t\t\t<div class=\"elementor-element elementor-element-8fe51e3 elementor-widget elementor-widget-heading\" data-id=\"8fe51e3\" data-element_type=\"widget\" data-widget_type=\"heading.default\">\n\t\t\t\t<div class=\"elementor-widget-container\">\n\t\t\t<h2 class=\"elementor-heading-title elementor-size-default\">\u0627\u0644\u0644\u0642\u0627\u0621\u0627\u062a<\/h2>\t\t<\/div>\n\t\t\t\t<\/div>\n\t\t\t\t<div class=\"elementor-element elementor-element-7766c30 elementor-widget elementor-widget-heading\" data-id=\"7766c30\" data-element_type=\"widget\" data-widget_type=\"heading.default\">\n\t\t\t\t<div class=\"elementor-widget-container\">\n\t\t\t<h3 class=\"elementor-heading-title elementor-size-default\">\u062a\u0642\u062f\u064a\u0645 \u0643\u062a\u0627\u0628<\/h3>\t\t<\/div>\n\t\t\t\t<\/div>\n\t\t\t\t<div class=\"elementor-element elementor-element-621ea6e elementor-widget elementor-widget-text-editor\" data-id=\"621ea6e\" data-element_type=\"widget\" data-widget_type=\"text-editor.default\">\n\t\t\t\t<div class=\"elementor-widget-container\">\n\t\t\t\t\t<div class=\"elementor-text-editor elementor-clearfix\"><p>\u0639\u0644\u064a\u0627 \u0628\u0643\u0627\u0631 \u0628\u0648\u0631\u0646\u0627\u0632:<\/p>\n<p>\u0643\u0644\u062b\u0648\u0645 \u0628\u0648\u0631\u0646\u0627\u0632\u060c<\/p>\n<p>\u0627\u0644\u0646\u062c\u0645 \u064a\u0628\u062d\u062b \u0639\u0646 \u0627\u0644\u062e\u064a\u0637 \u0627\u0644\u0645\u0641\u0642\u0648\u062f<\/p>\n<\/div>\n\t\t\t\t<\/div>\n\t\t\t\t<\/div>\n\t\t\t\t\t\t<\/div>\n\t\t\t<\/div>\n\t\t<\/div>\n\t\t\t\t\t\t<\/div>\n\t\t\t<\/div>\n\t\t<\/section>\n\t\t\t\t<section class=\"elementor-element elementor-element-018bda0 bottom-edition elementor-section-boxed elementor-section-height-default elementor-section-height-default elementor-section elementor-top-section\" data-id=\"018bda0\" data-element_type=\"section\">\n\t\t\t\t\t\t<div class=\"elementor-container elementor-column-gap-default\">\n\t\t\t\t<div class=\"elementor-row\">\n\t\t\t\t<div class=\"elementor-element elementor-element-69e7847 red-edition elementor-column elementor-col-100 elementor-top-column\" data-id=\"69e7847\" data-element_type=\"column\" data-settings=\"{&quot;background_background&quot;:&quot;classic&quot;}\">\n\t\t\t<div class=\"elementor-column-wrap  elementor-element-populated\">\n\t\t\t\t\t<div class=\"elementor-widget-wrap\">\n\t\t\t\t<div class=\"elementor-element elementor-element-8085922 elementor-widget elementor-widget-heading\" data-id=\"8085922\" data-element_type=\"widget\" data-widget_type=\"heading.default\">\n\t\t\t\t<div class=\"elementor-widget-container\">\n\t\t\t<h2 class=\"elementor-heading-title elementor-size-default\">\u0627\u0644\u0648\u0631\u0634\u0627\u062a<\/h2>\t\t<\/div>\n\t\t\t\t<\/div>\n\t\t\t\t<div class=\"elementor-element elementor-element-cbbbf29 elementor-widget elementor-widget-heading\" data-id=\"cbbbf29\" data-element_type=\"widget\" data-widget_type=\"heading.default\">\n\t\t\t\t<div class=\"elementor-widget-container\">\n\t\t\t<h3 class=\"elementor-heading-title elementor-size-default\">\u0648\u0631\u0634\u0629 \u0643\u062a\u0627\u0628\u0629 \u0627\u0644\u0633\u064a\u0646\u0627\u0631\u064a\u0648<\/h3>\t\t<\/div>\n\t\t\t\t<\/div>\n\t\t\t\t<div class=\"elementor-element elementor-element-42c26fd elementor-widget elementor-widget-text-editor\" data-id=\"42c26fd\" data-element_type=\"widget\" data-widget_type=\"text-editor.default\">\n\t\t\t\t<div class=\"elementor-widget-container\">\n\t\t\t\t\t<div class=\"elementor-text-editor elementor-clearfix\"><p>\u062a\u0633\u062a\u0642\u0628\u0644 \u0627\u0644\u0648\u0631\u0634\u0629 \u0633\u064a\u0646\u0627\u0631\u064a\u0648\u0647\u0627\u062a\u064d \u0642\u064a\u062f \u0627\u0644\u0643\u062a\u0627\u0628\u0629 \u0645\u0646 \u0645\u062e\u0631\u062c\u0627\u062a\u064d\u060c \u0628\u0647\u062f\u0641 \u0645\u0631\u0627\u0641\u0642\u0629 \u062a\u0637\u0648\u064a\u0631\u0647\u0627 \u0637\u0648\u0627\u0644 \u0641\u062a\u0631\u0629 \u0627\u0644\u0645\u0647\u0631\u062c\u0627\u0646\u060c \u0648\u062a\u0642\u062f\u064a\u0645 \u0627\u0644\u062f\u0639\u0645 \u062e\u0644\u0627\u0644 \u0645\u0631\u062d\u0644\u0629 \u0627\u0644\u0625\u0646\u062a\u0627\u062c.<\/p>\n<p>\u062a\u064f\u0642\u0627\u0645 \u0627\u0644\u0648\u0631\u0634\u0629 \u062a\u062d\u062a \u0625\u0634\u0631\u0627\u0641 \u0628\u0627\u0633\u0644 \u0631\u0645\u0633\u064a\u0633.<\/p>\n<\/div>\n\t\t\t\t<\/div>\n\t\t\t\t<\/div>\n\t\t\t\t\t\t<\/div>\n\t\t\t<\/div>\n\t\t<\/div>\n\t\t\t\t\t\t<\/div>\n\t\t\t<\/div>\n\t\t<\/section>\n\t\t\t\t\t\t<\/div>\n\t\t\t<\/div>\n\t\t<\/div>\n\t\t","protected":false},"excerpt":{"rendered":"<p>\u0628\u0639\u064a\u0648\u0646\u0647\u0646 &#8211; \u0627\u0644\u062f\u0648\u0631\u0629 \u0627\u0644\u0627\u0648\u0644\u06492017 \u0623\u0648\u0644\u0627\u064b: \u0627\u0644\u0639\u0631\u0648\u0636 \u0627\u0644\u0633\u064a\u0646\u0645\u0627\u0626\u064a\u0629 \u0623\u0641\u0644\u0627\u0645 \u0642\u0635\u064a\u0631\u0629 \u062c\u062f\u0631\u0627\u0646 \u062f\u0645\u0634\u0642 \u2013 \u0644\u064a\u0646\u0627 \u0645\u0631\u0627\u062f \u0627\u0644\u0635\u0646\u062f\u0648\u0642 \u2013 \u0645\u064a\u0631\u0641 \u062c\u064a\u0631\u064a\u0633 \u0623\u0648\u063a\u0644\u0648\u062c\u0648\u062a\u0648\u0631 \u0639\u0637\u0631 \u0628\u063a\u062f\u0627\u062f \u2013 \u0631\u0624\u0649 \u0627\u0644\u0639\u0632\u0627\u0648\u064a \u0623\u0646\u0627 \u0644\u0627 \u0623\u062d\u0628\u0647\u0627 \u062d\u062a\u0649 \u2013 \u0643\u0631\u064a\u0633\u062a\u064a\u0644 \u0627\u0644\u0642\u064a\u0635\u0631 \u062d\u0636\u0631\u0629 \u0633\u062c\u0646\u064a\u0629 \u2013 \u0647\u062f\u0649 \u0627\u0644\u062f\u0631\u064a\u062f\u064a \u0645\u0645\u0646\u0648\u0639 \u0627\u0644\u062d\u0628 \u2013 \u0645\u0631\u0648\u0629 \u0637\u064a\u0628\u0629 \u062d\u064a\u0627\u062a\u064a \u0627\u0644\u062a\u064a \u0644\u0627 \u0623\u0631\u064a\u062f \u2013 \u0646\u064a\u0627\u0646 \u0643\u064a\u0627\u0644 \u0633\u0627\u064a \u0623\u0641\u0644\u0627\u0645 \u0637\u0648\u064a\u0644\u0629 \u0639\u0644\u0649 \u062d\u0644\u0629\u0639\u064a\u0646\u064a\u2013 \u0644\u064a\u0644\u0649 \u0628\u0648\u0632\u064a\u062f [&hellip;]<\/p>\n","protected":false},"author":7,"featured_media":0,"parent":0,"menu_order":0,"comment_status":"closed","ping_status":"closed","template":"elementor_header_footer","meta":{"footnotes":""},"class_list":["post-7805","page","type-page","status-publish","hentry"],"yoast_head":"<!-- This site is optimized with the Yoast SEO plugin v26.9 - https:\/\/yoast.com\/product\/yoast-seo-wordpress\/ -->\n<title>\u0627\u0644\u062f\u0648\u0631\u0629 \u0627\u0644\u0627\u0648\u0644\u0649 - La F\u00e9d\u00e9ration Tunisienne des Cin\u00e9-Clubs<\/title>\n<meta name=\"robots\" content=\"index, follow, max-snippet:-1, max-image-preview:large, max-video-preview:-1\" \/>\n<link rel=\"canonical\" href=\"https:\/\/www.ftcc.tn\/premiere-edition\/\" \/>\n<meta property=\"og:locale\" content=\"ar_AR\" \/>\n<meta property=\"og:type\" content=\"article\" \/>\n<meta property=\"og:title\" content=\"\u0627\u0644\u062f\u0648\u0631\u0629 \u0627\u0644\u0627\u0648\u0644\u0649 - La F\u00e9d\u00e9ration Tunisienne des Cin\u00e9-Clubs\" \/>\n<meta property=\"og:description\" content=\"\u0628\u0639\u064a\u0648\u0646\u0647\u0646 &#8211; \u0627\u0644\u062f\u0648\u0631\u0629 \u0627\u0644\u0627\u0648\u0644\u06492017 \u0623\u0648\u0644\u0627\u064b: \u0627\u0644\u0639\u0631\u0648\u0636 \u0627\u0644\u0633\u064a\u0646\u0645\u0627\u0626\u064a\u0629 \u0623\u0641\u0644\u0627\u0645 \u0642\u0635\u064a\u0631\u0629 \u062c\u062f\u0631\u0627\u0646 \u062f\u0645\u0634\u0642 \u2013 \u0644\u064a\u0646\u0627 \u0645\u0631\u0627\u062f \u0627\u0644\u0635\u0646\u062f\u0648\u0642 \u2013 \u0645\u064a\u0631\u0641 \u062c\u064a\u0631\u064a\u0633 \u0623\u0648\u063a\u0644\u0648\u062c\u0648\u062a\u0648\u0631 \u0639\u0637\u0631 \u0628\u063a\u062f\u0627\u062f \u2013 \u0631\u0624\u0649 \u0627\u0644\u0639\u0632\u0627\u0648\u064a \u0623\u0646\u0627 \u0644\u0627 \u0623\u062d\u0628\u0647\u0627 \u062d\u062a\u0649 \u2013 \u0643\u0631\u064a\u0633\u062a\u064a\u0644 \u0627\u0644\u0642\u064a\u0635\u0631 \u062d\u0636\u0631\u0629 \u0633\u062c\u0646\u064a\u0629 \u2013 \u0647\u062f\u0649 \u0627\u0644\u062f\u0631\u064a\u062f\u064a \u0645\u0645\u0646\u0648\u0639 \u0627\u0644\u062d\u0628 \u2013 \u0645\u0631\u0648\u0629 \u0637\u064a\u0628\u0629 \u062d\u064a\u0627\u062a\u064a \u0627\u0644\u062a\u064a \u0644\u0627 \u0623\u0631\u064a\u062f \u2013 \u0646\u064a\u0627\u0646 \u0643\u064a\u0627\u0644 \u0633\u0627\u064a \u0623\u0641\u0644\u0627\u0645 \u0637\u0648\u064a\u0644\u0629 \u0639\u0644\u0649 \u062d\u0644\u0629\u0639\u064a\u0646\u064a\u2013 \u0644\u064a\u0644\u0649 \u0628\u0648\u0632\u064a\u062f [&hellip;]\" \/>\n<meta property=\"og:url\" content=\"https:\/\/www.ftcc.tn\/premiere-edition\/\" \/>\n<meta property=\"og:site_name\" content=\"La F\u00e9d\u00e9ration Tunisienne des Cin\u00e9-Clubs\" \/>\n<meta property=\"article:publisher\" content=\"https:\/\/www.facebook.com\/FTCCTunisie\" \/>\n<meta property=\"article:modified_time\" content=\"2026-01-29T08:45:12+00:00\" \/>\n<meta name=\"twitter:card\" content=\"summary_large_image\" \/>\n<script type=\"application\/ld+json\" class=\"yoast-schema-graph\">{\"@context\":\"https:\/\/schema.org\",\"@graph\":[{\"@type\":\"WebPage\",\"@id\":\"https:\/\/www.ftcc.tn\/premiere-edition\/\",\"url\":\"https:\/\/www.ftcc.tn\/premiere-edition\/\",\"name\":\"\u0627\u0644\u062f\u0648\u0631\u0629 \u0627\u0644\u0627\u0648\u0644\u0649 - La F\u00e9d\u00e9ration Tunisienne des Cin\u00e9-Clubs\",\"isPartOf\":{\"@id\":\"https:\/\/www.ftcc.tn\/#website\"},\"datePublished\":\"2026-01-29T08:43:22+00:00\",\"dateModified\":\"2026-01-29T08:45:12+00:00\",\"breadcrumb\":{\"@id\":\"https:\/\/www.ftcc.tn\/premiere-edition\/#breadcrumb\"},\"inLanguage\":\"ar\",\"potentialAction\":[{\"@type\":\"ReadAction\",\"target\":[\"https:\/\/www.ftcc.tn\/premiere-edition\/\"]}]},{\"@type\":\"BreadcrumbList\",\"@id\":\"https:\/\/www.ftcc.tn\/premiere-edition\/#breadcrumb\",\"itemListElement\":[{\"@type\":\"ListItem\",\"position\":1,\"name\":\"Home\",\"item\":\"https:\/\/www.ftcc.tn\/\"},{\"@type\":\"ListItem\",\"position\":2,\"name\":\"\u0627\u0644\u062f\u0648\u0631\u0629 \u0627\u0644\u0627\u0648\u0644\u0649\"}]},{\"@type\":\"WebSite\",\"@id\":\"https:\/\/www.ftcc.tn\/#website\",\"url\":\"https:\/\/www.ftcc.tn\/\",\"name\":\"La F\u00e9d\u00e9ration Tunisienne des Cin\u00e9-Clubs\",\"description\":\"Le cin\u00e9ma, autrement.\",\"publisher\":{\"@id\":\"https:\/\/www.ftcc.tn\/#organization\"},\"potentialAction\":[{\"@type\":\"SearchAction\",\"target\":{\"@type\":\"EntryPoint\",\"urlTemplate\":\"https:\/\/www.ftcc.tn\/?s={search_term_string}\"},\"query-input\":{\"@type\":\"PropertyValueSpecification\",\"valueRequired\":true,\"valueName\":\"search_term_string\"}}],\"inLanguage\":\"ar\"},{\"@type\":\"Organization\",\"@id\":\"https:\/\/www.ftcc.tn\/#organization\",\"name\":\"F\u00e9d\u00e9ration Tunisienne des Cin\u00e9-Clubs\",\"url\":\"https:\/\/www.ftcc.tn\/\",\"logo\":{\"@type\":\"ImageObject\",\"inLanguage\":\"ar\",\"@id\":\"https:\/\/www.ftcc.tn\/#\/schema\/logo\/image\/\",\"url\":\"https:\/\/www.ftcc.tn\/wp-content\/uploads\/2019\/06\/footer-logo.png\",\"contentUrl\":\"https:\/\/www.ftcc.tn\/wp-content\/uploads\/2019\/06\/footer-logo.png\",\"width\":108,\"height\":170,\"caption\":\"F\u00e9d\u00e9ration Tunisienne des Cin\u00e9-Clubs\"},\"image\":{\"@id\":\"https:\/\/www.ftcc.tn\/#\/schema\/logo\/image\/\"},\"sameAs\":[\"https:\/\/www.facebook.com\/FTCCTunisie\"]}]}<\/script>\n<!-- \/ Yoast SEO plugin. -->","yoast_head_json":{"title":"\u0627\u0644\u062f\u0648\u0631\u0629 \u0627\u0644\u0627\u0648\u0644\u0649 - La F\u00e9d\u00e9ration Tunisienne des Cin\u00e9-Clubs","robots":{"index":"index","follow":"follow","max-snippet":"max-snippet:-1","max-image-preview":"max-image-preview:large","max-video-preview":"max-video-preview:-1"},"canonical":"https:\/\/www.ftcc.tn\/premiere-edition\/","og_locale":"ar_AR","og_type":"article","og_title":"\u0627\u0644\u062f\u0648\u0631\u0629 \u0627\u0644\u0627\u0648\u0644\u0649 - La F\u00e9d\u00e9ration Tunisienne des Cin\u00e9-Clubs","og_description":"\u0628\u0639\u064a\u0648\u0646\u0647\u0646 &#8211; \u0627\u0644\u062f\u0648\u0631\u0629 \u0627\u0644\u0627\u0648\u0644\u06492017 \u0623\u0648\u0644\u0627\u064b: \u0627\u0644\u0639\u0631\u0648\u0636 \u0627\u0644\u0633\u064a\u0646\u0645\u0627\u0626\u064a\u0629 \u0623\u0641\u0644\u0627\u0645 \u0642\u0635\u064a\u0631\u0629 \u062c\u062f\u0631\u0627\u0646 \u062f\u0645\u0634\u0642 \u2013 \u0644\u064a\u0646\u0627 \u0645\u0631\u0627\u062f \u0627\u0644\u0635\u0646\u062f\u0648\u0642 \u2013 \u0645\u064a\u0631\u0641 \u062c\u064a\u0631\u064a\u0633 \u0623\u0648\u063a\u0644\u0648\u062c\u0648\u062a\u0648\u0631 \u0639\u0637\u0631 \u0628\u063a\u062f\u0627\u062f \u2013 \u0631\u0624\u0649 \u0627\u0644\u0639\u0632\u0627\u0648\u064a \u0623\u0646\u0627 \u0644\u0627 \u0623\u062d\u0628\u0647\u0627 \u062d\u062a\u0649 \u2013 \u0643\u0631\u064a\u0633\u062a\u064a\u0644 \u0627\u0644\u0642\u064a\u0635\u0631 \u062d\u0636\u0631\u0629 \u0633\u062c\u0646\u064a\u0629 \u2013 \u0647\u062f\u0649 \u0627\u0644\u062f\u0631\u064a\u062f\u064a \u0645\u0645\u0646\u0648\u0639 \u0627\u0644\u062d\u0628 \u2013 \u0645\u0631\u0648\u0629 \u0637\u064a\u0628\u0629 \u062d\u064a\u0627\u062a\u064a \u0627\u0644\u062a\u064a \u0644\u0627 \u0623\u0631\u064a\u062f \u2013 \u0646\u064a\u0627\u0646 \u0643\u064a\u0627\u0644 \u0633\u0627\u064a \u0623\u0641\u0644\u0627\u0645 \u0637\u0648\u064a\u0644\u0629 \u0639\u0644\u0649 \u062d\u0644\u0629\u0639\u064a\u0646\u064a\u2013 \u0644\u064a\u0644\u0649 \u0628\u0648\u0632\u064a\u062f [&hellip;]","og_url":"https:\/\/www.ftcc.tn\/premiere-edition\/","og_site_name":"La F\u00e9d\u00e9ration Tunisienne des Cin\u00e9-Clubs","article_publisher":"https:\/\/www.facebook.com\/FTCCTunisie","article_modified_time":"2026-01-29T08:45:12+00:00","twitter_card":"summary_large_image","schema":{"@context":"https:\/\/schema.org","@graph":[{"@type":"WebPage","@id":"https:\/\/www.ftcc.tn\/premiere-edition\/","url":"https:\/\/www.ftcc.tn\/premiere-edition\/","name":"\u0627\u0644\u062f\u0648\u0631\u0629 \u0627\u0644\u0627\u0648\u0644\u0649 - La F\u00e9d\u00e9ration Tunisienne des Cin\u00e9-Clubs","isPartOf":{"@id":"https:\/\/www.ftcc.tn\/#website"},"datePublished":"2026-01-29T08:43:22+00:00","dateModified":"2026-01-29T08:45:12+00:00","breadcrumb":{"@id":"https:\/\/www.ftcc.tn\/premiere-edition\/#breadcrumb"},"inLanguage":"ar","potentialAction":[{"@type":"ReadAction","target":["https:\/\/www.ftcc.tn\/premiere-edition\/"]}]},{"@type":"BreadcrumbList","@id":"https:\/\/www.ftcc.tn\/premiere-edition\/#breadcrumb","itemListElement":[{"@type":"ListItem","position":1,"name":"Home","item":"https:\/\/www.ftcc.tn\/"},{"@type":"ListItem","position":2,"name":"\u0627\u0644\u062f\u0648\u0631\u0629 \u0627\u0644\u0627\u0648\u0644\u0649"}]},{"@type":"WebSite","@id":"https:\/\/www.ftcc.tn\/#website","url":"https:\/\/www.ftcc.tn\/","name":"La F\u00e9d\u00e9ration Tunisienne des Cin\u00e9-Clubs","description":"Le cin\u00e9ma, autrement.","publisher":{"@id":"https:\/\/www.ftcc.tn\/#organization"},"potentialAction":[{"@type":"SearchAction","target":{"@type":"EntryPoint","urlTemplate":"https:\/\/www.ftcc.tn\/?s={search_term_string}"},"query-input":{"@type":"PropertyValueSpecification","valueRequired":true,"valueName":"search_term_string"}}],"inLanguage":"ar"},{"@type":"Organization","@id":"https:\/\/www.ftcc.tn\/#organization","name":"F\u00e9d\u00e9ration Tunisienne des Cin\u00e9-Clubs","url":"https:\/\/www.ftcc.tn\/","logo":{"@type":"ImageObject","inLanguage":"ar","@id":"https:\/\/www.ftcc.tn\/#\/schema\/logo\/image\/","url":"https:\/\/www.ftcc.tn\/wp-content\/uploads\/2019\/06\/footer-logo.png","contentUrl":"https:\/\/www.ftcc.tn\/wp-content\/uploads\/2019\/06\/footer-logo.png","width":108,"height":170,"caption":"F\u00e9d\u00e9ration Tunisienne des Cin\u00e9-Clubs"},"image":{"@id":"https:\/\/www.ftcc.tn\/#\/schema\/logo\/image\/"},"sameAs":["https:\/\/www.facebook.com\/FTCCTunisie"]}]}},"_links":{"self":[{"href":"https:\/\/www.ftcc.tn\/ar\/wp-json\/wp\/v2\/pages\/7805","targetHints":{"allow":["GET"]}}],"collection":[{"href":"https:\/\/www.ftcc.tn\/ar\/wp-json\/wp\/v2\/pages"}],"about":[{"href":"https:\/\/www.ftcc.tn\/ar\/wp-json\/wp\/v2\/types\/page"}],"author":[{"embeddable":true,"href":"https:\/\/www.ftcc.tn\/ar\/wp-json\/wp\/v2\/users\/7"}],"replies":[{"embeddable":true,"href":"https:\/\/www.ftcc.tn\/ar\/wp-json\/wp\/v2\/comments?post=7805"}],"version-history":[{"count":3,"href":"https:\/\/www.ftcc.tn\/ar\/wp-json\/wp\/v2\/pages\/7805\/revisions"}],"predecessor-version":[{"id":7810,"href":"https:\/\/www.ftcc.tn\/ar\/wp-json\/wp\/v2\/pages\/7805\/revisions\/7810"}],"wp:attachment":[{"href":"https:\/\/www.ftcc.tn\/ar\/wp-json\/wp\/v2\/media?parent=7805"}],"curies":[{"name":"wp","href":"https:\/\/api.w.org\/{rel}","templated":true}]}}